{"id":5,"date":"2019-12-14T03:43:12","date_gmt":"2019-12-14T03:43:12","guid":{"rendered":"http:\/\/pelletmillmachine.com\/?page_id=5"},"modified":"2020-01-09T02:57:18","modified_gmt":"2020-01-09T02:57:18","slug":"about-us","status":"publish","type":"page","link":"https:\/\/pelletmillmachine.com\/vi\/about-us\/","title":{"rendered":"V\u1ec1 ch\u00fang t\u00f4i"},"content":{"rendered":"<div data-elementor-type=\"wp-page\" data-elementor-id=\"5\" class=\"elementor elementor-5\" data-elementor-post-type=\"page\"> \t\t\t\t\t\t<section class=\"elementor-section elementor-top-section elementor-element elementor-element-966426e elementor-section-height-min-height elementor-section-boxed elementor-section-height-default elementor-section-items-middle\" data-id=\"966426e\" data-element_type=\"section\" data-e-type=\"section\" data-settings=\"{&quot;background_background&quot;:&quot;gradient&quot;,&quot;shape_divider_bottom&quot;:&quot;opacity-fan&quot;}\"> \t\t\t\t\t<div class=\"elementor-shape elementor-shape-bottom\" aria-hidden=\"true\" data-negative=\"false\"> \t\t\t<svg xmlns=\"http:\/\/www.w3.org\/2000\/svg\" viewbox=\"0 0 283.5 19.6\" preserveaspectratio=\"none\"> \t<path class=\"elementor-shape-fill\" style=\"opacity:0.33\" d=\"M0 0L0 18.8 141.8 4.1 283.5 18.8 283.5 0z\"\/> \t<path class=\"elementor-shape-fill\" style=\"opacity:0.33\" d=\"M0 0L0 12.6 141.8 4 283.5 12.6 283.5 0z\"\/> \t<path class=\"elementor-shape-fill\" style=\"opacity:0.33\" d=\"M0 0L0 6.4 141.8 4 283.5 6.4 283.5 0z\"\/> \t<path class=\"elementor-shape-fill\" d=\"M0 0L0 1.2 141.8 4 283.5 1.2 283.5 0z\"\/> <\/svg>\t\t<\/div> \t\t\t\t\t<div class=\"elementor-container elementor-column-gap-default\"> \t\t\t\t\t<div class=\"elementor-column elementor-col-100 elementor-top-column elementor-element elementor-element-b725402\" data-id=\"b725402\" data-element_type=\"column\" data-e-type=\"column\"> \t\t\t<div class=\"elementor-widget-wrap elementor-element-populated\"> \t\t\t\t\t\t<div class=\"elementor-element elementor-element-a22caee elementor-widget elementor-widget-heading\" data-id=\"a22caee\" data-element_type=\"widget\" data-e-type=\"widget\" data-widget_type=\"heading.default\"> \t\t\t\t\t<h2 class=\"elementor-heading-title elementor-size-default\">V\u1ec1 ch\u00fang t\u00f4i<\/h2>\t\t\t\t<\/div> \t\t\t\t<div class=\"elementor-element elementor-element-361a952 elementor-widget elementor-widget-text-editor\" data-id=\"361a952\" data-element_type=\"widget\" data-e-type=\"widget\" data-widget_type=\"text-editor.default\"> \t\t\t\t\t\t\t\t\t<p>T\u00ecm hi\u1ec3u v\u1ec1 c\u00f4ng ty c\u1ee7a ch\u00fang t\u00f4i<\/p>\t\t\t\t\t\t\t\t<\/div> \t\t\t\t\t<\/div> \t\t<\/div> \t\t\t\t\t<\/div> \t\t<\/section> \t\t\t\t<section class=\"elementor-section elementor-top-section elementor-element elementor-element-609cc3cc elementor-section-content-middle elementor-section-boxed elementor-section-height-default elementor-section-height-default\" data-id=\"609cc3cc\" data-element_type=\"section\" data-e-type=\"section\"> \t\t\t\t\t\t<div class=\"elementor-container elementor-column-gap-no\"> \t\t\t\t\t<div class=\"elementor-column elementor-col-50 elementor-top-column elementor-element elementor-element-60f18b43\" data-id=\"60f18b43\" data-element_type=\"column\" data-e-type=\"column\"> \t\t\t<div class=\"elementor-widget-wrap elementor-element-populated\"> \t\t\t\t\t\t<div class=\"elementor-element elementor-element-490e2539 elementor-widget elementor-widget-heading\" data-id=\"490e2539\" data-element_type=\"widget\" data-e-type=\"widget\" data-widget_type=\"heading.default\"> \t\t\t\t\t<h4 class=\"elementor-heading-title elementor-size-default\">Gi\u1edbi thi\u1ec7u v\u1ec1 C\u00f4ng ty Taizy.<\/h4>\t\t\t\t<\/div> \t\t\t\t<div class=\"elementor-element elementor-element-264175bb elementor-widget elementor-widget-text-editor\" data-id=\"264175bb\" data-element_type=\"widget\" data-e-type=\"widget\" data-widget_type=\"text-editor.default\"> \t\t\t\t\t\t\t\t\t<p>C\u00f4ng ty M\u00e1y m\u00f3c Taizy l\u00e0 m\u1ed9t c\u00f4ng ty chuy\u00ean nghi\u1ec7p chuy\u00ean nghi\u00ean c\u1ee9u v\u00e0 ph\u00e1t tri\u1ec3n m\u00e1y m\u00f3c n\u00f4ng nghi\u1ec7p. C\u00f4ng ty ch\u00fang t\u00f4i ho\u1ea1t \u0111\u1ed9ng trong l\u0129nh v\u1ef1c s\u1ea3n xu\u1ea5t c\u00f4ng nghi\u1ec7p v\u00e0 th\u01b0\u01a1ng m\u1ea1i qu\u1ed1c t\u1ebf, \u0111\u1ed3ng th\u1eddi ch\u00fang t\u00f4i c\u00f3 \u0111\u1ed9i ng\u0169 chuy\u00ean nghi\u1ec7p \u0111\u1ec3 cung c\u1ea5p d\u1ecbch v\u1ee5 t\u1ed1t nh\u1ea5t cho kh\u00e1ch h\u00e0ng. K\u1ec3 t\u1eeb khi th\u00e0nh l\u1eadp v\u00e0o n\u0103m 2011, m\u00e1y m\u00f3c c\u1ee7a ch\u00fang t\u00f4i \u0111\u00e3 \u0111\u01b0\u1ee3c n\u00f4ng d\u00e2n trong v\u00e0 ngo\u00e0i n\u01b0\u1edbc \u0111\u00f3n nh\u1eadn. C\u00f4ng ty ch\u00fang t\u00f4i \u0111\u1eb7t t\u1ea1i Tr\u1ecbnh Ch\u00e2u, t\u1ec9nh H\u00e0 Nam, v\u1edbi di\u1ec7n t\u00edch nh\u00e0 m\u00e1y h\u01a1n 30.000 m\u00e9t vu\u00f4ng. Ch\u00fang t\u00f4i c\u00f3 h\u01a1n hai tr\u0103m c\u00f4ng nh\u00e2n chuy\u00ean nghi\u1ec7p v\u00e0 l\u00e0nh ngh\u1ec1, lu\u00f4n n\u1ed7 l\u1ef1c h\u1ebft m\u00ecnh v\u1edbi t\u1eebng chi ti\u1ebft nh\u1ecf nh\u1ea5t c\u1ee7a m\u00e1y m\u00f3c.<\/p><p>Trong nh\u1eefng n\u0103m qua, ch\u00fang t\u00f4i \u0111\u00e3 ph\u00e1t tri\u1ec3n v\u00e0 s\u1ea3n xu\u1ea5t m\u00e1y \u00e9p vi\u00ean th\u1ee9c \u0103n vi\u00ean, bao g\u1ed3m m\u00e1y \u00e9p vi\u00ean khu\u00f4n ph\u1eb3ng, m\u00e1y \u00e9p vi\u00ean khu\u00f4n tr\u00f2n, m\u00e1y \u00e9p vi\u00ean th\u1ee9c \u0103n cho c\u00e1 v\u00e0 d\u00e2y chuy\u1ec1n s\u1ea3n xu\u1ea5t, m\u00e1y \u00e9p vi\u00ean th\u1ee9c \u0103n cho v\u1eadt nu\u00f4i v\u00e0 d\u00e2y chuy\u1ec1n s\u1ea3n xu\u1ea5t c\u1ee7a n\u00f3, v.v.. Th\u1ee9c \u0103n vi\u00ean ch\u1ee7 y\u1ebfu l\u00e0 cho \u0111\u1ed9ng v\u1eadt bao g\u1ed3m b\u00f2, ng\u1ef1a, g\u00e0, c\u1eebu, d\u00ea, l\u1ee3n, c\u00e1, t\u00f4m, m\u00e8o, ch\u00f3, th\u1ecf, chu\u1ed9t \u0111\u1ed3ng, v.v. S\u1ea3n ph\u1ea9m t\u1eeb m\u00e1y \u00e9p vi\u00ean c\u1ee7a ch\u00fang t\u00f4i c\u00f3 k\u00edch th\u01b0\u1edbc \u0111\u1ed3ng \u0111\u1ec1u, ngon mi\u1ec7ng v\u00e0 c\u00f3 t\u00e1c d\u1ee5ng r\u00f5 r\u1ec7t \u0111\u1ed1i v\u1edbi vi\u1ec7c ch\u0103n nu\u00f4i. Kh\u00f4ng gian s\u00e0n \u0111\u1eb7t thi\u1ebft b\u1ecb c\u1ee7a ch\u00fang t\u00f4i nh\u1ecf, chi ph\u00ed ph\u1ea3i ch\u0103ng v\u00e0 c\u00f3 th\u1ec3 thu \u0111\u01b0\u1ee3c l\u1ee3i nhu\u1eadn nhanh ch\u00f3ng. V\u00ec ch\u00fang t\u00f4i xem x\u00e9t c\u00e1c chi ti\u1ebft c\u1ee7a m\u00e1y m\u00f3c t\u1eeb g\u00f3c \u0111\u1ed9 c\u1ee7a ng\u01b0\u1eddi ti\u00eau d\u00f9ng n\u00ean m\u00e1y m\u00f3c c\u1ee7a ch\u00fang t\u00f4i \u0111\u01b0\u1ee3c \u0111a s\u1ed1 ng\u01b0\u1eddi ti\u00eau d\u00f9ng hoan ngh\u00eanh.<\/p>\t\t\t\t\t\t\t\t<\/div> \t\t\t\t\t<\/div> \t\t<\/div> \t\t\t\t<div class=\"elementor-column elementor-col-50 elementor-top-column elementor-element elementor-element-1a232ab\" data-id=\"1a232ab\" data-element_type=\"column\" data-e-type=\"column\"> \t\t\t<div class=\"elementor-widget-wrap elementor-element-populated\"> \t\t\t\t\t\t<div class=\"elementor-element elementor-element-387cd92 elementor-widget elementor-widget-image\" data-id=\"387cd92\" data-element_type=\"widget\" data-e-type=\"widget\" data-widget_type=\"image.default\"> \t\t\t\t\t\t\t\t\t\t\t\t\t\t\t<img fetchpriority=\"high\" decoding=\"async\" width=\"800\" height=\"600\" src=\"https:\/\/pelletmillmachine.com\/wp-content\/uploads\/2020\/01\/biscuit-production-line-manufacturer-scaled-1.jpg\" class=\"attachment-large size-large wp-image-483\" alt=\"\" srcset=\"https:\/\/pelletmillmachine.com\/wp-content\/uploads\/2020\/01\/biscuit-production-line-manufacturer-scaled-1.jpg 950w, https:\/\/pelletmillmachine.com\/wp-content\/uploads\/2020\/01\/biscuit-production-line-manufacturer-scaled-1-300x225.jpg 300w, https:\/\/pelletmillmachine.com\/wp-content\/uploads\/2020\/01\/biscuit-production-line-manufacturer-scaled-1-768x576.jpg 768w\" sizes=\"(max-width: 800px) 100vw, 800px\" \/>\t\t\t\t\t\t\t\t\t\t\t\t\t\t\t<\/div> \t\t\t\t\t<\/div> \t\t<\/div> \t\t\t\t\t<\/div> \t\t<\/section> \t\t\t\t<section class=\"elementor-section elementor-top-section elementor-element elementor-element-fc81f59 elementor-section-boxed elementor-section-height-default elementor-section-height-default\" data-id=\"fc81f59\" data-element_type=\"section\" data-e-type=\"section\"> \t\t\t\t\t\t<div class=\"elementor-container elementor-column-gap-default\"> \t\t\t\t\t<div class=\"elementor-column elementor-col-33 elementor-top-column elementor-element elementor-element-5e07e68\" data-id=\"5e07e68\" data-element_type=\"column\" data-e-type=\"column\"> \t\t\t<div class=\"elementor-widget-wrap elementor-element-populated\"> \t\t\t\t\t\t<div class=\"elementor-element elementor-element-c074abd elementor-widget elementor-widget-heading\" data-id=\"c074abd\" data-element_type=\"widget\" data-e-type=\"widget\" data-widget_type=\"heading.default\"> \t\t\t\t\t<h2 class=\"elementor-heading-title elementor-size-default\">D\u1ecbch v\u1ee5 c\u1ee7a ch\u00fang t\u00f4i<\/h2>\t\t\t\t<\/div> \t\t\t\t\t<\/div> \t\t<\/div> \t\t\t\t<div class=\"elementor-column elementor-col-33 elementor-top-column elementor-element elementor-element-921f866\" data-id=\"921f866\" data-element_type=\"column\" data-e-type=\"column\"> \t\t\t<div class=\"elementor-widget-wrap elementor-element-populated\"> \t\t\t\t\t\t\t<\/div> \t\t<\/div> \t\t\t\t<div class=\"elementor-column elementor-col-33 elementor-top-column elementor-element elementor-element-bc66e6e\" data-id=\"bc66e6e\" data-element_type=\"column\" data-e-type=\"column\"> \t\t\t<div class=\"elementor-widget-wrap elementor-element-populated\"> \t\t\t\t\t\t\t<\/div> \t\t<\/div> \t\t\t\t\t<\/div> \t\t<\/section> \t\t\t\t<section class=\"elementor-section elementor-top-section elementor-element elementor-element-2a496a2 elementor-section-boxed elementor-section-height-default elementor-section-height-default\" data-id=\"2a496a2\" data-element_type=\"section\" data-e-type=\"section\"> \t\t\t\t\t\t<div class=\"elementor-container elementor-column-gap-default\"> \t\t\t\t\t<div class=\"elementor-column elementor-col-33 elementor-top-column elementor-element elementor-element-49ab124\" data-id=\"49ab124\" data-element_type=\"column\" data-e-type=\"column\"> \t\t\t<div class=\"elementor-widget-wrap elementor-element-populated\"> \t\t\t\t\t\t<div class=\"elementor-element elementor-element-18c5608 elementor-headline--style-highlight elementor-widget elementor-widget-animated-headline\" data-id=\"18c5608\" data-element_type=\"widget\" data-e-type=\"widget\" data-settings=\"{&quot;marker&quot;:&quot;underline&quot;,&quot;highlighted_text&quot;:&quot;Pre-sale&quot;,&quot;headline_style&quot;:&quot;highlight&quot;,&quot;loop&quot;:&quot;yes&quot;,&quot;highlight_animation_duration&quot;:1200,&quot;highlight_iteration_delay&quot;:8000}\" data-widget_type=\"animated-headline.default\"> \t\t\t\t\t\t\t<h3 class=\"elementor-headline\"> \t\t\t\t<span class=\"elementor-headline-dynamic-wrapper elementor-headline-text-wrapper\"> \t\t\t\t\t<span class=\"elementor-headline-dynamic-text elementor-headline-text-active\">B\u00e1n tr\u01b0\u1edbc<\/span> \t\t\t\t<\/span> \t\t\t\t<\/h3> \t\t\t\t\t\t<\/div> \t\t\t\t<div class=\"elementor-element elementor-element-6d7bf1f elementor-widget elementor-widget-text-editor\" data-id=\"6d7bf1f\" data-element_type=\"widget\" data-e-type=\"widget\" data-widget_type=\"text-editor.default\"> \t\t\t\t\t\t\t\t\t<ol><li>Bi\u1ebft nhau. Ch\u00fang t\u00f4i s\u1ebd th\u1ef1c hi\u1ec7n m\u1ed9t nghi\u00ean c\u1ee9u \u0111\u01a1n gi\u1ea3n v\u1ec1 b\u1ea1n, v\u1ec1 nguy\u00ean li\u1ec7u th\u00f4, v\u1eadt nu\u00f4i b\u1ea1n c\u1ea7n cho \u0103n, di\u1ec7n t\u00edch nh\u00e0 m\u00e1y v\u00e0 ng\u00e2n s\u00e1ch c\u1ee7a b\u1ea1n. \u0110\u1ec3 \u0111\u01b0\u1ee3c t\u01b0 v\u1ea5n thi\u1ebft b\u1ecb ph\u00f9 h\u1ee3p nh\u1ea5t v\u1edbi b\u1ea1n.<\/li><li>Tr\u00edch d\u1eabn tao nh\u00e3. T\u00f9y theo thi\u1ebft b\u1ecb b\u1ea1n c\u1ea7n, ch\u00fang t\u00f4i s\u1ebd cung c\u1ea5p b\u00e1o gi\u00e1 m\u00e1y t\u1ed1t nh\u1ea5t cho b\u1ea1n. N\u00f3 s\u1ebd bao g\u1ed3m c\u00e1c m\u00f4 h\u00ecnh chi ti\u1ebft c\u00f9ng v\u1edbi gi\u00e1 c\u1ee7a ch\u00fang v\u00e0 s\u01a1 \u0111\u1ed3 \u0111\u1ec1 xu\u1ea5t c\u0169ng s\u1ebd \u0111\u01b0\u1ee3c li\u1ec7t k\u00ea.<\/li><li>Thi\u1ebft k\u1ebf \u0111\u1ed9c quy\u1ec1n. Ng\u00e2n s\u00e1ch v\u00e0 thi\u1ebft k\u1ebf nh\u00e0 m\u00e1y c\u1ee7a m\u1ed7i kh\u00e1ch h\u00e0ng s\u1ebd kh\u00e1c nhau. V\u00ec v\u1eady, ch\u00fang t\u00f4i s\u1ebd thi\u1ebft k\u1ebf b\u1ed1 tr\u00ed h\u1ee3p l\u00fd theo di\u1ec7n t\u00edch x\u01b0\u1edfng c\u1ee7a b\u1ea1n v\u00e0 ch\u00fang t\u00f4i s\u1ebd cung c\u1ea5p c\u00e1c b\u1ea3n v\u1ebd chuy\u00ean nghi\u1ec7p \u0111\u1ec3 b\u1ea1n tham kh\u1ea3o.<\/li><\/ol>\t\t\t\t\t\t\t\t<\/div> \t\t\t\t\t<\/div> \t\t<\/div> \t\t\t\t<div class=\"elementor-column elementor-col-33 elementor-top-column elementor-element elementor-element-43f0804\" data-id=\"43f0804\" data-element_type=\"column\" data-e-type=\"column\"> \t\t\t<div class=\"elementor-widget-wrap elementor-element-populated\"> \t\t\t\t\t\t<div class=\"elementor-element elementor-element-f17f262 elementor-headline--style-highlight elementor-widget elementor-widget-animated-headline\" data-id=\"f17f262\" data-element_type=\"widget\" data-e-type=\"widget\" data-settings=\"{&quot;marker&quot;:&quot;underline&quot;,&quot;highlighted_text&quot;:&quot;Sale&quot;,&quot;headline_style&quot;:&quot;highlight&quot;,&quot;loop&quot;:&quot;yes&quot;,&quot;highlight_animation_duration&quot;:1200,&quot;highlight_iteration_delay&quot;:8000}\" data-widget_type=\"animated-headline.default\"> \t\t\t\t\t\t\t<h3 class=\"elementor-headline\"> \t\t\t\t<span class=\"elementor-headline-dynamic-wrapper elementor-headline-text-wrapper\"> \t\t\t\t\t<span class=\"elementor-headline-dynamic-text elementor-headline-text-active\">Doanh thu<\/span> \t\t\t\t<\/span> \t\t\t\t<\/h3> \t\t\t\t\t\t<\/div> \t\t\t\t<div class=\"elementor-element elementor-element-abe892c elementor-widget elementor-widget-text-editor\" data-id=\"abe892c\" data-element_type=\"widget\" data-e-type=\"widget\" data-widget_type=\"text-editor.default\"> \t\t\t\t\t\t\t\t\t<ol><li>M\u1ed9t ph\u01b0\u01a1ng th\u1ee9c thanh to\u00e1n an to\u00e0n v\u00e0 thu\u1eadn ti\u1ec7n. Ch\u00fang t\u00f4i c\u00f3 th\u1ec3 ch\u1ea5p nh\u1eadn \u0110\u1ea3m b\u1ea3o th\u01b0\u01a1ng m\u1ea1i, T\/T, Money Gram, L\/C, Pay Pal, Western Union, Ti\u1ec1n m\u1eb7t, v.v., b\u1ea1n c\u00f3 th\u1ec3 ch\u1ecdn th\u1eddi h\u1ea1n thanh to\u00e1n thu\u1eadn ti\u1ec7n nh\u1ea5t cho m\u00ecnh.<\/li><li>Quy tr\u00ecnh giao h\u00e0ng chuy\u00ean nghi\u1ec7p. Ch\u00fang t\u00f4i ch\u1ea5p nh\u1eadn m\u1ecdi h\u00ecnh th\u1ee9c ki\u1ec3m tra tr\u01b0\u1edbc khi giao h\u00e0ng. Ch\u00fang t\u00f4i c\u0169ng s\u1ebd cung c\u1ea5p cho kh\u00e1ch h\u00e0ng h\u00ecnh \u1ea3nh giao h\u00e0ng v\u00e0 video m\u00e1y ch\u1ea1y kh\u00f4ng t\u1ea3i.<\/li><\/ol>\t\t\t\t\t\t\t\t<\/div> \t\t\t\t\t<\/div> \t\t<\/div> \t\t\t\t<div class=\"elementor-column elementor-col-33 elementor-top-column elementor-element elementor-element-84413d1\" data-id=\"84413d1\" data-element_type=\"column\" data-e-type=\"column\"> \t\t\t<div class=\"elementor-widget-wrap elementor-element-populated\"> \t\t\t\t\t\t<div class=\"elementor-element elementor-element-86e727b elementor-headline--style-highlight elementor-widget elementor-widget-animated-headline\" data-id=\"86e727b\" data-element_type=\"widget\" data-e-type=\"widget\" data-settings=\"{&quot;marker&quot;:&quot;underline&quot;,&quot;highlighted_text&quot;:&quot;After-sale&quot;,&quot;headline_style&quot;:&quot;highlight&quot;,&quot;loop&quot;:&quot;yes&quot;,&quot;highlight_animation_duration&quot;:1200,&quot;highlight_iteration_delay&quot;:8000}\" data-widget_type=\"animated-headline.default\"> \t\t\t\t\t\t\t<h3 class=\"elementor-headline\"> \t\t\t\t<span class=\"elementor-headline-dynamic-wrapper elementor-headline-text-wrapper\"> \t\t\t\t\t<span class=\"elementor-headline-dynamic-text elementor-headline-text-active\">Sau khi b\u00e1n<\/span> \t\t\t\t<\/span> \t\t\t\t<\/h3> \t\t\t\t\t\t<\/div> \t\t\t\t<div class=\"elementor-element elementor-element-d628974 elementor-widget elementor-widget-text-editor\" data-id=\"d628974\" data-element_type=\"widget\" data-e-type=\"widget\" data-widget_type=\"text-editor.default\"> \t\t\t\t\t\t\t\t\t<ol><li>Theo d\u00f5i h\u1eadu c\u1ea7n k\u1ecbp th\u1eddi. Ch\u00fang t\u00f4i s\u1ebd theo d\u00f5i h\u1eadu c\u1ea7n c\u1ee7a h\u00e0ng h\u00f3a k\u1ecbp th\u1eddi v\u00e0 th\u00f4ng b\u00e1o cho b\u1ea1n v\u1ec1 ti\u1ebfn \u0111\u1ed9 giao h\u00e0ng.<\/li><li>D\u1ecbch v\u1ee5 l\u1eafp \u0111\u1eb7t t\u1eadn n\u01a1i. B\u1ea1n kh\u00f4ng c\u1ea7n ph\u1ea3i lo l\u1eafng v\u1ec1 v\u1ea5n \u0111\u1ec1 c\u00e0i \u0111\u1eb7t. Ch\u00fang t\u00f4i c\u00f3 th\u1ec3 g\u1eedi m\u1ed9t k\u1ef9 s\u01b0 chuy\u00ean nghi\u1ec7p \u0111\u1ebfn \u0111\u1ecba ph\u01b0\u01a1ng c\u1ee7a b\u1ea1n v\u00e0 cung c\u1ea5p h\u01b0\u1edbng d\u1eabn c\u00e0i \u0111\u1eb7t v\u00e0 s\u1eed d\u1ee5ng.<\/li><li>H\u01b0\u1edbng d\u1eabn c\u00e0i \u0111\u1eb7t v\u00e0 s\u1eed d\u1ee5ng tr\u1ef1c tuy\u1ebfn. N\u1ebfu b\u1ea1n kh\u00f4ng c\u1ea7n d\u1ecbch v\u1ee5 c\u00e0i \u0111\u1eb7t t\u1ea1i ch\u1ed7, ch\u00fang t\u00f4i c\u0169ng c\u00f3 th\u1ec3 cung c\u1ea5p h\u01b0\u1edbng d\u1eabn b\u1eb1ng video tr\u1ef1c tuy\u1ebfn. Ch\u00fang t\u00f4i h\u1ee9a s\u1ebd gi\u00fap b\u1ea1n s\u1eed d\u1ee5ng m\u00e1y t\u1ed1t sau khi mua m\u00e1y c\u1ee7a ch\u00fang t\u00f4i.<\/li><li>Ph\u1ee5 t\u00f9ng mi\u1ec5n ph\u00ed. Ch\u00fang t\u00f4i c\u00f3 th\u1ec3 g\u1eedi mi\u1ec5n ph\u00ed cho b\u1ea1n c\u00e1c b\u1ed9 ph\u1eadn d\u1ec5 b\u1ecb t\u1ed5n th\u01b0\u01a1ng, ph\u00ed v\u1eadn chuy\u1ec3n s\u1ebd do ng\u01b0\u1eddi mua ch\u1ecbu.<\/li><\/ol>\t\t\t\t\t\t\t\t<\/div> \t\t\t\t\t<\/div> \t\t<\/div> \t\t\t\t\t<\/div> \t\t<\/section> \t\t\t\t<section class=\"elementor-section elementor-top-section elementor-element elementor-element-5a989f1 elementor-section-boxed elementor-section-height-default elementor-section-height-default\" data-id=\"5a989f1\" data-element_type=\"section\" data-e-type=\"section\"> \t\t\t\t\t\t<div class=\"elementor-container elementor-column-gap-default\"> \t\t\t\t\t<div class=\"elementor-column elementor-col-100 elementor-top-column elementor-element elementor-element-5fd9ad9\" data-id=\"5fd9ad9\" data-element_type=\"column\" data-e-type=\"column\"> \t\t\t<div class=\"elementor-widget-wrap elementor-element-populated\"> \t\t\t\t\t\t<div class=\"elementor-element elementor-element-2ad6745 elementor-widget elementor-widget-heading\" data-id=\"2ad6745\" data-element_type=\"widget\" data-e-type=\"widget\" data-widget_type=\"heading.default\"> \t\t\t\t\t<h2 class=\"elementor-heading-title elementor-size-default\">C\u00e2u h\u1ecfi th\u01b0\u1eddng g\u1eb7p<\/h2>\t\t\t\t<\/div> \t\t\t\t\t<\/div> \t\t<\/div> \t\t\t\t\t<\/div> \t\t<\/section> \t\t\t\t<section class=\"elementor-section elementor-top-section elementor-element elementor-element-8353bbe elementor-section-boxed elementor-section-height-default elementor-section-height-default\" data-id=\"8353bbe\" data-element_type=\"section\" data-e-type=\"section\"> \t\t\t\t\t\t<div class=\"elementor-container elementor-column-gap-default\"> \t\t\t\t\t<div class=\"elementor-column elementor-col-100 elementor-top-column elementor-element elementor-element-ef57e48\" data-id=\"ef57e48\" data-element_type=\"column\" data-e-type=\"column\"> \t\t\t<div class=\"elementor-widget-wrap elementor-element-populated\"> \t\t\t\t\t\t<div class=\"elementor-element elementor-element-2c26648 elementor-widget elementor-widget-text-editor\" data-id=\"2c26648\" data-element_type=\"widget\" data-e-type=\"widget\" data-widget_type=\"text-editor.default\"> \t\t\t\t\t\t\t\t\t<ol><li>M\u00f4 h\u00ecnh giao h\u00e0ng?<\/li><\/ol><p>\u00a0 \u00a0 \u00a0 \u00a0 \u00a0 LCL ho\u1eb7c FCL b\u1eb1ng \u0111\u01b0\u1eddng bi\u1ec3n, ho\u1eb7c \u0111\u01b0\u1eddng h\u00e0ng kh\u00f4ng, chuy\u1ec3n ph\u00e1t nhanh qu\u1ed1c t\u1ebf.<\/p><ol start=\"2\"><li>T\u00f4i c\u00f3 th\u1ec3 nh\u1eadn \u0111\u01b0\u1ee3c h\u00e0ng trong bao l\u00e2u sau khi thanh to\u00e1n?<\/li><\/ol><p>\u00a0 \u00a0 \u00a0 \u00a0 \u00a0 Ch\u00fang t\u00f4i th\u01b0\u1eddng giao h\u00e0ng trong v\u00f2ng 5-7 ng\u00e0y, th\u1eddi gian giao h\u00e0ng b\u1eb1ng \u0111\u01b0\u1eddng bi\u1ec3n ho\u1eb7c \u0111\u01b0\u1eddng h\u00e0ng kh\u00f4ng s\u1ebd ph\u1ee5 thu\u1ed9c v\u00e0o c\u1ea3ng v\u1eadn chuy\u1ec3n c\u1ee7a b\u1ea1n.<\/p><ol start=\"3\"><li>Nh\u1eefng lo\u1ea1i \u0111i\u1ec1u kho\u1ea3n thanh to\u00e1n n\u00e0o b\u1ea1n cung c\u1ea5p?<\/li><\/ol><p>\u00a0 \u00a0 \u00a0 \u00a0 \u00a0 \u0110\u1ea3m b\u1ea3o th\u01b0\u01a1ng m\u1ea1i, T\/T, Western Union, Money Gram, L\/C, Pay Pal, Ti\u1ec1n m\u1eb7t, v.v.<\/p><ol start=\"4\"><li>B\u1ea1n cung c\u1ea5p lo\u1ea1i bao b\u00ec n\u00e0o?<\/li><\/ol><p>\u00a0 \u00a0 \u00a0 \u00a0 \u00a0 V\u1ecf g\u1ed7 kh\u00f4ng kh\u1eed tr\u00f9ng, ho\u1eb7c container FCL.<\/p><ol start=\"5\"><li>Th\u1eddi gian b\u1ea3o h\u00e0nh l\u00e0 bao l\u00e2u?<\/li><\/ol><p>\u00a0 \u00a0 \u00a0 \u00a0 \u00a0 Th\u1eddi gian b\u1ea3o h\u00e0nh 1 n\u0103m, b\u1ea3o tr\u00ec tr\u1ecdn \u0111\u1eddi.<\/p><ol start=\"6\"><li>B\u1ea1n cung c\u1ea5p lo\u1ea1i d\u1ecbch v\u1ee5 sau b\u00e1n h\u00e0ng n\u00e0o?<\/li><\/ol><p>\u00a0 \u00a0 \u00a0 \u00a0 \u00a0 Ph\u1ee5 t\u00f9ng thay th\u1ebf, l\u1eafp \u0111\u1eb7t hi\u1ec7n tr\u01b0\u1eddng, v\u1eadn h\u00e0nh v\u00e0 \u0111\u00e0o t\u1ea1o, d\u1ecbch v\u1ee5 b\u1ea3o tr\u00ec v\u00e0 s\u1eeda ch\u1eefa hi\u1ec7n tr\u01b0\u1eddng, h\u1ed7 tr\u1ee3 k\u1ef9 thu\u1eadt video v\u00e0 h\u1ed7 tr\u1ee3 tr\u1ef1c tuy\u1ebfn.<\/p><p>\u00a0 \u00a0 \u00a0 \u00a0 \u00a0 Ch\u00fang t\u00f4i cam k\u1ebft cung c\u1ea5p cho b\u1ea1n m\u00e1y t\u1ed1t nh\u1ea5t v\u00e0 d\u1ecbch v\u1ee5 t\u1ed1t nh\u1ea5t.<\/p>\t\t\t\t\t\t\t\t<\/div> \t\t\t\t\t<\/div> \t\t<\/div> \t\t\t\t\t<\/div> \t\t<\/section> \t\t\t\t<\/div>","protected":false},"excerpt":{"rendered":"<p>About Us Learn About Our Company About Taizy Company. Taizy Machinery Company is a professional company devoted to research and development of agricultural machinery. Our company is engaged in industrial manufacturing and international trading, and we have a professional team to provide best service to customers. Since its establishment in 2011, our machines have been [&hellip;]<\/p>\n","protected":false},"author":1,"featured_media":0,"parent":0,"menu_order":0,"comment_status":"closed","ping_status":"closed","template":"","meta":{"footnotes":""},"class_list":["post-5","page","type-page","status-publish","hentry"],"_links":{"self":[{"href":"https:\/\/pelletmillmachine.com\/vi\/wp-json\/wp\/v2\/pages\/5","targetHints":{"allow":["GET"]}}],"collection":[{"href":"https:\/\/pelletmillmachine.com\/vi\/wp-json\/wp\/v2\/pages"}],"about":[{"href":"https:\/\/pelletmillmachine.com\/vi\/wp-json\/wp\/v2\/types\/page"}],"author":[{"embeddable":true,"href":"https:\/\/pelletmillmachine.com\/vi\/wp-json\/wp\/v2\/users\/1"}],"replies":[{"embeddable":true,"href":"https:\/\/pelletmillmachine.com\/vi\/wp-json\/wp\/v2\/comments?post=5"}],"version-history":[{"count":0,"href":"https:\/\/pelletmillmachine.com\/vi\/wp-json\/wp\/v2\/pages\/5\/revisions"}],"wp:attachment":[{"href":"https:\/\/pelletmillmachine.com\/vi\/wp-json\/wp\/v2\/media?parent=5"}],"curies":[{"name":"wp","href":"https:\/\/api.w.org\/{rel}","templated":true}]}}