{"id":5,"date":"2019-12-14T03:43:12","date_gmt":"2019-12-14T03:43:12","guid":{"rendered":"http:\/\/pelletmillmachine.com\/?page_id=5"},"modified":"2020-01-09T02:57:18","modified_gmt":"2020-01-09T02:57:18","slug":"about-us","status":"publish","type":"page","link":"https:\/\/pelletmillmachine.com\/pt\/about-us\/","title":{"rendered":"Sobre n\u00f3s"},"content":{"rendered":"<div data-elementor-type=\"wp-page\" data-elementor-id=\"5\" class=\"elementor elementor-5\" data-elementor-post-type=\"page\"> \t\t\t\t\t\t<section class=\"elementor-section elementor-top-section elementor-element elementor-element-966426e elementor-section-height-min-height elementor-section-boxed elementor-section-height-default elementor-section-items-middle\" data-id=\"966426e\" data-element_type=\"section\" data-e-type=\"section\" data-settings=\"{&quot;background_background&quot;:&quot;gradient&quot;,&quot;shape_divider_bottom&quot;:&quot;opacity-fan&quot;}\"> \t\t\t\t\t<div class=\"elementor-shape elementor-shape-bottom\" aria-hidden=\"true\" data-negative=\"false\"> \t\t\t<svg xmlns=\"http:\/\/www.w3.org\/2000\/svg\" viewbox=\"0 0 283.5 19.6\" preserveaspectratio=\"none\"> \t<path class=\"elementor-shape-fill\" style=\"opacity:0.33\" d=\"M0 0L0 18.8 141.8 4.1 283.5 18.8 283.5 0z\"\/> \t<path class=\"elementor-shape-fill\" style=\"opacity:0.33\" d=\"M0 0L0 12.6 141.8 4 283.5 12.6 283.5 0z\"\/> \t<path class=\"elementor-shape-fill\" style=\"opacity:0.33\" d=\"M0 0L0 6.4 141.8 4 283.5 6.4 283.5 0z\"\/> \t<path class=\"elementor-shape-fill\" d=\"M0 0L0 1.2 141.8 4 283.5 1.2 283.5 0z\"\/> <\/svg>\t\t<\/div> \t\t\t\t\t<div class=\"elementor-container elementor-column-gap-default\"> \t\t\t\t\t<div class=\"elementor-column elementor-col-100 elementor-top-column elementor-element elementor-element-b725402\" data-id=\"b725402\" data-element_type=\"column\" data-e-type=\"column\"> \t\t\t<div class=\"elementor-widget-wrap elementor-element-populated\"> \t\t\t\t\t\t<div class=\"elementor-element elementor-element-a22caee elementor-widget elementor-widget-heading\" data-id=\"a22caee\" data-element_type=\"widget\" data-e-type=\"widget\" data-widget_type=\"heading.default\"> \t\t\t\t\t<h2 class=\"elementor-heading-title elementor-size-default\">Sobre n\u00f3s<\/h2>\t\t\t\t<\/div> \t\t\t\t<div class=\"elementor-element elementor-element-361a952 elementor-widget elementor-widget-text-editor\" data-id=\"361a952\" data-element_type=\"widget\" data-e-type=\"widget\" data-widget_type=\"text-editor.default\"> \t\t\t\t\t\t\t\t\t<p>Saiba mais sobre nossa empresa<\/p>\t\t\t\t\t\t\t\t<\/div> \t\t\t\t\t<\/div> \t\t<\/div> \t\t\t\t\t<\/div> \t\t<\/section> \t\t\t\t<section class=\"elementor-section elementor-top-section elementor-element elementor-element-609cc3cc elementor-section-content-middle elementor-section-boxed elementor-section-height-default elementor-section-height-default\" data-id=\"609cc3cc\" data-element_type=\"section\" data-e-type=\"section\"> \t\t\t\t\t\t<div class=\"elementor-container elementor-column-gap-no\"> \t\t\t\t\t<div class=\"elementor-column elementor-col-50 elementor-top-column elementor-element elementor-element-60f18b43\" data-id=\"60f18b43\" data-element_type=\"column\" data-e-type=\"column\"> \t\t\t<div class=\"elementor-widget-wrap elementor-element-populated\"> \t\t\t\t\t\t<div class=\"elementor-element elementor-element-490e2539 elementor-widget elementor-widget-heading\" data-id=\"490e2539\" data-element_type=\"widget\" data-e-type=\"widget\" data-widget_type=\"heading.default\"> \t\t\t\t\t<h4 class=\"elementor-heading-title elementor-size-default\">Sobre a empresa Taizy.<\/h4>\t\t\t\t<\/div> \t\t\t\t<div class=\"elementor-element elementor-element-264175bb elementor-widget elementor-widget-text-editor\" data-id=\"264175bb\" data-element_type=\"widget\" data-e-type=\"widget\" data-widget_type=\"text-editor.default\"> \t\t\t\t\t\t\t\t\t<p>A Taizy Machinery Company \u00e9 uma empresa profissional dedicada \u00e0 pesquisa e desenvolvimento de m\u00e1quinas agr\u00edcolas. Nossa empresa est\u00e1 envolvida na fabrica\u00e7\u00e3o industrial e no com\u00e9rcio internacional, e contamos com uma equipe profissional para oferecer o melhor servi\u00e7o aos clientes. Desde a sua cria\u00e7\u00e3o em 2011, nossas m\u00e1quinas foram bem recebidas pelos agricultores no pa\u00eds e no exterior. Nossa empresa est\u00e1 localizada em Zhengzhou, prov\u00edncia de Henan, com uma \u00e1rea fabril de mais de 30.000 metros quadrados. Contamos com mais de duzentos trabalhadores profissionais e qualificados, que se dedicam a cada detalhe das nossas m\u00e1quinas.<\/p><p>Ao longo dos anos, desenvolvemos e produzimos m\u00e1quinas de pellets de ra\u00e7\u00e3o, incluindo peletizadora de molde plano, peletizadora de molde circular, peletizadora de ra\u00e7\u00e3o para peixes e sua linha de produ\u00e7\u00e3o, peletizadora de ra\u00e7\u00e3o para animais de estima\u00e7\u00e3o e sua linha de produ\u00e7\u00e3o, etc. para animais, incluindo vaca, cavalo, galinha, ovelha, cabra, porco, peixe, camar\u00e3o, gato, cachorro, coelho, hamster e assim por diante. O tamanho do produto da nossa peletizadora \u00e9 uniforme, a palatabilidade \u00e9 boa e tem o efeito \u00f3bvio na cria\u00e7\u00e3o de animais. A \u00e1rea \u00fatil de nossos equipamentos \u00e9 pequena, o custo \u00e9 acess\u00edvel e pode obter lucro rapidamente. Porque consideramos os detalhes das m\u00e1quinas da perspectiva dos consumidores, as nossas m\u00e1quinas s\u00e3o bem recebidas pela maioria dos consumidores.<\/p>\t\t\t\t\t\t\t\t<\/div> \t\t\t\t\t<\/div> \t\t<\/div> \t\t\t\t<div class=\"elementor-column elementor-col-50 elementor-top-column elementor-element elementor-element-1a232ab\" data-id=\"1a232ab\" data-element_type=\"column\" data-e-type=\"column\"> \t\t\t<div class=\"elementor-widget-wrap elementor-element-populated\"> \t\t\t\t\t\t<div class=\"elementor-element elementor-element-387cd92 elementor-widget elementor-widget-image\" data-id=\"387cd92\" data-element_type=\"widget\" data-e-type=\"widget\" data-widget_type=\"image.default\"> \t\t\t\t\t\t\t\t\t\t\t\t\t\t\t<img fetchpriority=\"high\" decoding=\"async\" width=\"800\" height=\"600\" src=\"https:\/\/pelletmillmachine.com\/wp-content\/uploads\/2020\/01\/biscuit-production-line-manufacturer-scaled-1.jpg\" class=\"attachment-large size-large wp-image-483\" alt=\"\" srcset=\"https:\/\/pelletmillmachine.com\/wp-content\/uploads\/2020\/01\/biscuit-production-line-manufacturer-scaled-1.jpg 950w, https:\/\/pelletmillmachine.com\/wp-content\/uploads\/2020\/01\/biscuit-production-line-manufacturer-scaled-1-300x225.jpg 300w, https:\/\/pelletmillmachine.com\/wp-content\/uploads\/2020\/01\/biscuit-production-line-manufacturer-scaled-1-768x576.jpg 768w\" sizes=\"(max-width: 800px) 100vw, 800px\" \/>\t\t\t\t\t\t\t\t\t\t\t\t\t\t\t<\/div> \t\t\t\t\t<\/div> \t\t<\/div> \t\t\t\t\t<\/div> \t\t<\/section> \t\t\t\t<section class=\"elementor-section elementor-top-section elementor-element elementor-element-fc81f59 elementor-section-boxed elementor-section-height-default elementor-section-height-default\" data-id=\"fc81f59\" data-element_type=\"section\" data-e-type=\"section\"> \t\t\t\t\t\t<div class=\"elementor-container elementor-column-gap-default\"> \t\t\t\t\t<div class=\"elementor-column elementor-col-33 elementor-top-column elementor-element elementor-element-5e07e68\" data-id=\"5e07e68\" data-element_type=\"column\" data-e-type=\"column\"> \t\t\t<div class=\"elementor-widget-wrap elementor-element-populated\"> \t\t\t\t\t\t<div class=\"elementor-element elementor-element-c074abd elementor-widget elementor-widget-heading\" data-id=\"c074abd\" data-element_type=\"widget\" data-e-type=\"widget\" data-widget_type=\"heading.default\"> \t\t\t\t\t<h2 class=\"elementor-heading-title elementor-size-default\">Nosso servi\u00e7o<\/h2>\t\t\t\t<\/div> \t\t\t\t\t<\/div> \t\t<\/div> \t\t\t\t<div class=\"elementor-column elementor-col-33 elementor-top-column elementor-element elementor-element-921f866\" data-id=\"921f866\" data-element_type=\"column\" data-e-type=\"column\"> \t\t\t<div class=\"elementor-widget-wrap elementor-element-populated\"> \t\t\t\t\t\t\t<\/div> \t\t<\/div> \t\t\t\t<div class=\"elementor-column elementor-col-33 elementor-top-column elementor-element elementor-element-bc66e6e\" data-id=\"bc66e6e\" data-element_type=\"column\" data-e-type=\"column\"> \t\t\t<div class=\"elementor-widget-wrap elementor-element-populated\"> \t\t\t\t\t\t\t<\/div> \t\t<\/div> \t\t\t\t\t<\/div> \t\t<\/section> \t\t\t\t<section class=\"elementor-section elementor-top-section elementor-element elementor-element-2a496a2 elementor-section-boxed elementor-section-height-default elementor-section-height-default\" data-id=\"2a496a2\" data-element_type=\"section\" data-e-type=\"section\"> \t\t\t\t\t\t<div class=\"elementor-container elementor-column-gap-default\"> \t\t\t\t\t<div class=\"elementor-column elementor-col-33 elementor-top-column elementor-element elementor-element-49ab124\" data-id=\"49ab124\" data-element_type=\"column\" data-e-type=\"column\"> \t\t\t<div class=\"elementor-widget-wrap elementor-element-populated\"> \t\t\t\t\t\t<div class=\"elementor-element elementor-element-18c5608 elementor-headline--style-highlight elementor-widget elementor-widget-animated-headline\" data-id=\"18c5608\" data-element_type=\"widget\" data-e-type=\"widget\" data-settings=\"{&quot;marker&quot;:&quot;underline&quot;,&quot;highlighted_text&quot;:&quot;Pre-sale&quot;,&quot;headline_style&quot;:&quot;highlight&quot;,&quot;loop&quot;:&quot;yes&quot;,&quot;highlight_animation_duration&quot;:1200,&quot;highlight_iteration_delay&quot;:8000}\" data-widget_type=\"animated-headline.default\"> \t\t\t\t\t\t\t<h3 class=\"elementor-headline\"> \t\t\t\t<span class=\"elementor-headline-dynamic-wrapper elementor-headline-text-wrapper\"> \t\t\t\t\t<span class=\"elementor-headline-dynamic-text elementor-headline-text-active\">Pr\u00e9-venda<\/span> \t\t\t\t<\/span> \t\t\t\t<\/h3> \t\t\t\t\t\t<\/div> \t\t\t\t<div class=\"elementor-element elementor-element-6d7bf1f elementor-widget elementor-widget-text-editor\" data-id=\"6d7bf1f\" data-element_type=\"widget\" data-e-type=\"widget\" data-widget_type=\"text-editor.default\"> \t\t\t\t\t\t\t\t\t<ol><li>Conhece um ao outro. Faremos uma pesquisa simples sobre voc\u00ea, sobre sua mat\u00e9ria-prima, o animal que voc\u00ea precisa alimentar, a \u00e1rea fabril e seu or\u00e7amento. Para recomendar o equipamento que melhor lhe conv\u00e9m.<\/li><li>Cita\u00e7\u00e3o elegante. De acordo com o equipamento que voc\u00ea precisa, forneceremos um or\u00e7amento elegante da m\u00e1quina para voc\u00ea. Incluir\u00e1 modelos detalhados com seus pre\u00e7os e o esquema recomendado tamb\u00e9m ser\u00e1 listado.<\/li><li>Projeto exclusivo. O or\u00e7amento e o projeto da planta de cada cliente ser\u00e3o diferentes. Portanto, projetaremos um layout razo\u00e1vel de acordo com a \u00e1rea da sua oficina e forneceremos desenhos profissionais para sua refer\u00eancia.<\/li><\/ol>\t\t\t\t\t\t\t\t<\/div> \t\t\t\t\t<\/div> \t\t<\/div> \t\t\t\t<div class=\"elementor-column elementor-col-33 elementor-top-column elementor-element elementor-element-43f0804\" data-id=\"43f0804\" data-element_type=\"column\" data-e-type=\"column\"> \t\t\t<div class=\"elementor-widget-wrap elementor-element-populated\"> \t\t\t\t\t\t<div class=\"elementor-element elementor-element-f17f262 elementor-headline--style-highlight elementor-widget elementor-widget-animated-headline\" data-id=\"f17f262\" data-element_type=\"widget\" data-e-type=\"widget\" data-settings=\"{&quot;marker&quot;:&quot;underline&quot;,&quot;highlighted_text&quot;:&quot;Sale&quot;,&quot;headline_style&quot;:&quot;highlight&quot;,&quot;loop&quot;:&quot;yes&quot;,&quot;highlight_animation_duration&quot;:1200,&quot;highlight_iteration_delay&quot;:8000}\" data-widget_type=\"animated-headline.default\"> \t\t\t\t\t\t\t<h3 class=\"elementor-headline\"> \t\t\t\t<span class=\"elementor-headline-dynamic-wrapper elementor-headline-text-wrapper\"> \t\t\t\t\t<span class=\"elementor-headline-dynamic-text elementor-headline-text-active\">Oferta<\/span> \t\t\t\t<\/span> \t\t\t\t<\/h3> \t\t\t\t\t\t<\/div> \t\t\t\t<div class=\"elementor-element elementor-element-abe892c elementor-widget elementor-widget-text-editor\" data-id=\"abe892c\" data-element_type=\"widget\" data-e-type=\"widget\" data-widget_type=\"text-editor.default\"> \t\t\t\t\t\t\t\t\t<ol><li>Um m\u00e9todo de pagamento seguro e conveniente. Podemos aceitar Trade Assurance, T\/T, Money Gram, L\/C, Pay Pal, Western Union, Cash, etc., voc\u00ea pode escolher o prazo de pagamento mais conveniente para voc\u00ea.<\/li><li>Processo de entrega profissional. Aceitamos todas as formas de inspe\u00e7\u00e3o antes da entrega. Tamb\u00e9m forneceremos aos clientes fotos de entrega e v\u00eddeos de m\u00e1quina ociosa.<\/li><\/ol>\t\t\t\t\t\t\t\t<\/div> \t\t\t\t\t<\/div> \t\t<\/div> \t\t\t\t<div class=\"elementor-column elementor-col-33 elementor-top-column elementor-element elementor-element-84413d1\" data-id=\"84413d1\" data-element_type=\"column\" data-e-type=\"column\"> \t\t\t<div class=\"elementor-widget-wrap elementor-element-populated\"> \t\t\t\t\t\t<div class=\"elementor-element elementor-element-86e727b elementor-headline--style-highlight elementor-widget elementor-widget-animated-headline\" data-id=\"86e727b\" data-element_type=\"widget\" data-e-type=\"widget\" data-settings=\"{&quot;marker&quot;:&quot;underline&quot;,&quot;highlighted_text&quot;:&quot;After-sale&quot;,&quot;headline_style&quot;:&quot;highlight&quot;,&quot;loop&quot;:&quot;yes&quot;,&quot;highlight_animation_duration&quot;:1200,&quot;highlight_iteration_delay&quot;:8000}\" data-widget_type=\"animated-headline.default\"> \t\t\t\t\t\t\t<h3 class=\"elementor-headline\"> \t\t\t\t<span class=\"elementor-headline-dynamic-wrapper elementor-headline-text-wrapper\"> \t\t\t\t\t<span class=\"elementor-headline-dynamic-text elementor-headline-text-active\">P\u00f3s-venda<\/span> \t\t\t\t<\/span> \t\t\t\t<\/h3> \t\t\t\t\t\t<\/div> \t\t\t\t<div class=\"elementor-element elementor-element-d628974 elementor-widget elementor-widget-text-editor\" data-id=\"d628974\" data-element_type=\"widget\" data-e-type=\"widget\" data-widget_type=\"text-editor.default\"> \t\t\t\t\t\t\t\t\t<ol><li>Acompanhamento log\u00edstico oportuno. Acompanharemos a log\u00edstica das mercadorias em tempo h\u00e1bil e informaremos sobre o andamento da entrega.<\/li><li>Servi\u00e7o de instala\u00e7\u00e3o no local. Voc\u00ea n\u00e3o precisa se preocupar com problemas de instala\u00e7\u00e3o. Podemos enviar um engenheiro profissional para o seu local e fornecer instru\u00e7\u00f5es de instala\u00e7\u00e3o e uso.<\/li><li>Instala\u00e7\u00e3o on-line e orienta\u00e7\u00e3o de uso. Se voc\u00ea n\u00e3o precisar de servi\u00e7o de instala\u00e7\u00e3o no local, tamb\u00e9m podemos fornecer orienta\u00e7\u00e3o em v\u00eddeo online. Prometemos ajud\u00e1-lo a usar bem a m\u00e1quina depois de compr\u00e1-la.<\/li><li>Pe\u00e7as de reposi\u00e7\u00e3o gratuitas. Podemos enviar-lhe pe\u00e7as vulner\u00e1veis \u200b\u200bgratuitamente, as taxas de transporte ser\u00e3o suportadas pelo comprador.<\/li><\/ol>\t\t\t\t\t\t\t\t<\/div> \t\t\t\t\t<\/div> \t\t<\/div> \t\t\t\t\t<\/div> \t\t<\/section> \t\t\t\t<section class=\"elementor-section elementor-top-section elementor-element elementor-element-5a989f1 elementor-section-boxed elementor-section-height-default elementor-section-height-default\" data-id=\"5a989f1\" data-element_type=\"section\" data-e-type=\"section\"> \t\t\t\t\t\t<div class=\"elementor-container elementor-column-gap-default\"> \t\t\t\t\t<div class=\"elementor-column elementor-col-100 elementor-top-column elementor-element elementor-element-5fd9ad9\" data-id=\"5fd9ad9\" data-element_type=\"column\" data-e-type=\"column\"> \t\t\t<div class=\"elementor-widget-wrap elementor-element-populated\"> \t\t\t\t\t\t<div class=\"elementor-element elementor-element-2ad6745 elementor-widget elementor-widget-heading\" data-id=\"2ad6745\" data-element_type=\"widget\" data-e-type=\"widget\" data-widget_type=\"heading.default\"> \t\t\t\t\t<h2 class=\"elementor-heading-title elementor-size-default\">Perguntas frequentes<\/h2>\t\t\t\t<\/div> \t\t\t\t\t<\/div> \t\t<\/div> \t\t\t\t\t<\/div> \t\t<\/section> \t\t\t\t<section class=\"elementor-section elementor-top-section elementor-element elementor-element-8353bbe elementor-section-boxed elementor-section-height-default elementor-section-height-default\" data-id=\"8353bbe\" data-element_type=\"section\" data-e-type=\"section\"> \t\t\t\t\t\t<div class=\"elementor-container elementor-column-gap-default\"> \t\t\t\t\t<div class=\"elementor-column elementor-col-100 elementor-top-column elementor-element elementor-element-ef57e48\" data-id=\"ef57e48\" data-element_type=\"column\" data-e-type=\"column\"> \t\t\t<div class=\"elementor-widget-wrap elementor-element-populated\"> \t\t\t\t\t\t<div class=\"elementor-element elementor-element-2c26648 elementor-widget elementor-widget-text-editor\" data-id=\"2c26648\" data-element_type=\"widget\" data-e-type=\"widget\" data-widget_type=\"text-editor.default\"> \t\t\t\t\t\t\t\t\t<ol><li>Modelo de entrega?<\/li><\/ol><p>\u00a0 \u00a0 \u00a0 \u00a0 \u00a0 LCL ou FCL por via mar\u00edtima ou a\u00e9rea, expresso internacional.<\/p><ol start=\"2\"><li>Quanto tempo posso receber o item ap\u00f3s o pagamento?<\/li><\/ol><p>\u00a0 \u00a0 \u00a0 \u00a0 \u00a0 Geralmente entregamos o item dentro de 5 a 7 dias, o prazo de entrega por via mar\u00edtima ou a\u00e9rea depender\u00e1 do seu porto de envio.<\/p><ol start=\"3\"><li>Que tipo de condi\u00e7\u00f5es de pagamento voc\u00ea fornece?<\/li><\/ol><p>\u00a0 \u00a0 \u00a0 \u00a0 \u00a0 Garantia comercial, T\/T, Western Union, Money Gram, L\/C, Pay Pal, Dinheiro, etc.<\/p><ol start=\"4\"><li>Que tipo de embalagem voc\u00ea fornece?<\/li><\/ol><p>\u00a0 \u00a0 \u00a0 \u00a0 \u00a0 Caixa de madeira sem fumiga\u00e7\u00e3o ou recipiente FCL.<\/p><ol start=\"5\"><li>Quanto tempo \u00e9 o tempo de garantia?<\/li><\/ol><p>\u00a0 \u00a0 \u00a0 \u00a0 \u00a0 Tempo de garantia de 1 ano, manuten\u00e7\u00e3o ao longo da vida.<\/p><ol start=\"6\"><li>Que tipo de servi\u00e7o p\u00f3s-venda voc\u00ea oferece?<\/li><\/ol><p>\u00a0 \u00a0 \u00a0 \u00a0 \u00a0 Pe\u00e7as de reposi\u00e7\u00e3o, instala\u00e7\u00e3o em campo, comissionamento e treinamento, servi\u00e7o de manuten\u00e7\u00e3o e reparo em campo, suporte t\u00e9cnico por v\u00eddeo e suporte online.<\/p><p>\u00a0 \u00a0 \u00a0 \u00a0 \u00a0 Estamos empenhados em fornecer-lhe a melhor m\u00e1quina e o melhor servi\u00e7o.<\/p>\t\t\t\t\t\t\t\t<\/div> \t\t\t\t\t<\/div> \t\t<\/div> \t\t\t\t\t<\/div> \t\t<\/section> \t\t\t\t<\/div>","protected":false},"excerpt":{"rendered":"<p>About Us Learn About Our Company About Taizy Company. Taizy Machinery Company is a professional company devoted to research and development of agricultural machinery. Our company is engaged in industrial manufacturing and international trading, and we have a professional team to provide best service to customers. Since its establishment in 2011, our machines have been [&hellip;]<\/p>\n","protected":false},"author":1,"featured_media":0,"parent":0,"menu_order":0,"comment_status":"closed","ping_status":"closed","template":"","meta":{"footnotes":""},"class_list":["post-5","page","type-page","status-publish","hentry"],"_links":{"self":[{"href":"https:\/\/pelletmillmachine.com\/pt\/wp-json\/wp\/v2\/pages\/5","targetHints":{"allow":["GET"]}}],"collection":[{"href":"https:\/\/pelletmillmachine.com\/pt\/wp-json\/wp\/v2\/pages"}],"about":[{"href":"https:\/\/pelletmillmachine.com\/pt\/wp-json\/wp\/v2\/types\/page"}],"author":[{"embeddable":true,"href":"https:\/\/pelletmillmachine.com\/pt\/wp-json\/wp\/v2\/users\/1"}],"replies":[{"embeddable":true,"href":"https:\/\/pelletmillmachine.com\/pt\/wp-json\/wp\/v2\/comments?post=5"}],"version-history":[{"count":0,"href":"https:\/\/pelletmillmachine.com\/pt\/wp-json\/wp\/v2\/pages\/5\/revisions"}],"wp:attachment":[{"href":"https:\/\/pelletmillmachine.com\/pt\/wp-json\/wp\/v2\/media?parent=5"}],"curies":[{"name":"wp","href":"https:\/\/api.w.org\/{rel}","templated":true}]}}