{"id":5,"date":"2019-12-14T03:43:12","date_gmt":"2019-12-14T03:43:12","guid":{"rendered":"http:\/\/pelletmillmachine.com\/?page_id=5"},"modified":"2020-01-09T02:57:18","modified_gmt":"2020-01-09T02:57:18","slug":"about-us","status":"publish","type":"page","link":"https:\/\/pelletmillmachine.com\/fr\/about-us\/","title":{"rendered":"\u00c0 propos de nous"},"content":{"rendered":"<div data-elementor-type=\"wp-page\" data-elementor-id=\"5\" class=\"elementor elementor-5\" data-elementor-post-type=\"page\"> \t\t\t\t\t\t<section class=\"elementor-section elementor-top-section elementor-element elementor-element-966426e elementor-section-height-min-height elementor-section-boxed elementor-section-height-default elementor-section-items-middle\" data-id=\"966426e\" data-element_type=\"section\" data-e-type=\"section\" data-settings=\"{&quot;background_background&quot;:&quot;gradient&quot;,&quot;shape_divider_bottom&quot;:&quot;opacity-fan&quot;}\"> \t\t\t\t\t<div class=\"elementor-shape elementor-shape-bottom\" aria-hidden=\"true\" data-negative=\"false\"> \t\t\t<svg xmlns=\"http:\/\/www.w3.org\/2000\/svg\" viewbox=\"0 0 283.5 19.6\" preserveaspectratio=\"none\"> \t<path class=\"elementor-shape-fill\" style=\"opacity:0.33\" d=\"M0 0L0 18.8 141.8 4.1 283.5 18.8 283.5 0z\"\/> \t<path class=\"elementor-shape-fill\" style=\"opacity:0.33\" d=\"M0 0L0 12.6 141.8 4 283.5 12.6 283.5 0z\"\/> \t<path class=\"elementor-shape-fill\" style=\"opacity:0.33\" d=\"M0 0L0 6.4 141.8 4 283.5 6.4 283.5 0z\"\/> \t<path class=\"elementor-shape-fill\" d=\"M0 0L0 1.2 141.8 4 283.5 1.2 283.5 0z\"\/> <\/svg>\t\t<\/div> \t\t\t\t\t<div class=\"elementor-container elementor-column-gap-default\"> \t\t\t\t\t<div class=\"elementor-column elementor-col-100 elementor-top-column elementor-element elementor-element-b725402\" data-id=\"b725402\" data-element_type=\"column\" data-e-type=\"column\"> \t\t\t<div class=\"elementor-widget-wrap elementor-element-populated\"> \t\t\t\t\t\t<div class=\"elementor-element elementor-element-a22caee elementor-widget elementor-widget-heading\" data-id=\"a22caee\" data-element_type=\"widget\" data-e-type=\"widget\" data-widget_type=\"heading.default\"> \t\t\t\t\t<h2 class=\"elementor-heading-title elementor-size-default\">\u00c0 propos de nous<\/h2>\t\t\t\t<\/div> \t\t\t\t<div class=\"elementor-element elementor-element-361a952 elementor-widget elementor-widget-text-editor\" data-id=\"361a952\" data-element_type=\"widget\" data-e-type=\"widget\" data-widget_type=\"text-editor.default\"> \t\t\t\t\t\t\t\t\t<p>En savoir plus sur notre entreprise<\/p>\t\t\t\t\t\t\t\t<\/div> \t\t\t\t\t<\/div> \t\t<\/div> \t\t\t\t\t<\/div> \t\t<\/section> \t\t\t\t<section class=\"elementor-section elementor-top-section elementor-element elementor-element-609cc3cc elementor-section-content-middle elementor-section-boxed elementor-section-height-default elementor-section-height-default\" data-id=\"609cc3cc\" data-element_type=\"section\" data-e-type=\"section\"> \t\t\t\t\t\t<div class=\"elementor-container elementor-column-gap-no\"> \t\t\t\t\t<div class=\"elementor-column elementor-col-50 elementor-top-column elementor-element elementor-element-60f18b43\" data-id=\"60f18b43\" data-element_type=\"column\" data-e-type=\"column\"> \t\t\t<div class=\"elementor-widget-wrap elementor-element-populated\"> \t\t\t\t\t\t<div class=\"elementor-element elementor-element-490e2539 elementor-widget elementor-widget-heading\" data-id=\"490e2539\" data-element_type=\"widget\" data-e-type=\"widget\" data-widget_type=\"heading.default\"> \t\t\t\t\t<h4 class=\"elementor-heading-title elementor-size-default\">\u00c0 propos de la soci\u00e9t\u00e9 Taizy.<\/h4>\t\t\t\t<\/div> \t\t\t\t<div class=\"elementor-element elementor-element-264175bb elementor-widget elementor-widget-text-editor\" data-id=\"264175bb\" data-element_type=\"widget\" data-e-type=\"widget\" data-widget_type=\"text-editor.default\"> \t\t\t\t\t\t\t\t\t<p>Taizy Machinery Company est une entreprise professionnelle consacr\u00e9e \u00e0 la recherche et au d\u00e9veloppement de machines agricoles. Notre soci\u00e9t\u00e9 est engag\u00e9e dans la fabrication industrielle et le commerce international, et nous disposons d'une \u00e9quipe professionnelle pour fournir le meilleur service aux clients. Depuis sa cr\u00e9ation en 2011, nos machines ont \u00e9t\u00e9 bien accueillies par les agriculteurs nationaux et \u00e9trangers. Notre soci\u00e9t\u00e9 est situ\u00e9e \u00e0 Zhengzhou, dans la province du Henan, avec une superficie d'usine de plus de 30 000 m\u00e8tres carr\u00e9s. Nous disposons de plus de deux cents ouvriers professionnels et qualifi\u00e9s qui se consacrent \u00e0 chaque d\u00e9tail de nos machines.<\/p><p>Au fil des ann\u00e9es, nous avons d\u00e9velopp\u00e9 et produit des machines \u00e0 granul\u00e9s alimentaires, notamment une machine \u00e0 granul\u00e9s \u00e0 moule plat, une machine \u00e0 granul\u00e9s \u00e0 moule circulaire, une machine \u00e0 granul\u00e9s pour aliments pour poissons et sa ligne de production, une machine \u00e0 granul\u00e9s pour aliments pour animaux de compagnie et sa ligne de production, etc. pour les animaux, notamment la vache, le cheval, le poulet, le mouton, la ch\u00e8vre, le cochon, le poisson, les crevettes, le chat, le chien, le lapin, le hamster, etc. La taille du produit de notre machine \u00e0 granul\u00e9s est uniforme, l\u2019app\u00e9tence est bonne et a un effet \u00e9vident sur l\u2019\u00e9levage des animaux. La surface au sol de nos \u00e9quipements est petite, le co\u00fbt est abordable et peut g\u00e9n\u00e9rer des b\u00e9n\u00e9fices rapidement. Parce que nous consid\u00e9rons les d\u00e9tails des machines du point de vue des consommateurs, nos machines sont bien accueillies par la majorit\u00e9 des consommateurs.<\/p>\t\t\t\t\t\t\t\t<\/div> \t\t\t\t\t<\/div> \t\t<\/div> \t\t\t\t<div class=\"elementor-column elementor-col-50 elementor-top-column elementor-element elementor-element-1a232ab\" data-id=\"1a232ab\" data-element_type=\"column\" data-e-type=\"column\"> \t\t\t<div class=\"elementor-widget-wrap elementor-element-populated\"> \t\t\t\t\t\t<div class=\"elementor-element elementor-element-387cd92 elementor-widget elementor-widget-image\" data-id=\"387cd92\" data-element_type=\"widget\" data-e-type=\"widget\" data-widget_type=\"image.default\"> \t\t\t\t\t\t\t\t\t\t\t\t\t\t\t<img fetchpriority=\"high\" decoding=\"async\" width=\"800\" height=\"600\" src=\"https:\/\/pelletmillmachine.com\/wp-content\/uploads\/2020\/01\/biscuit-production-line-manufacturer-scaled-1.jpg\" class=\"attachment-large size-large wp-image-483\" alt=\"\" srcset=\"https:\/\/pelletmillmachine.com\/wp-content\/uploads\/2020\/01\/biscuit-production-line-manufacturer-scaled-1.jpg 950w, https:\/\/pelletmillmachine.com\/wp-content\/uploads\/2020\/01\/biscuit-production-line-manufacturer-scaled-1-300x225.jpg 300w, https:\/\/pelletmillmachine.com\/wp-content\/uploads\/2020\/01\/biscuit-production-line-manufacturer-scaled-1-768x576.jpg 768w\" sizes=\"(max-width: 800px) 100vw, 800px\" \/>\t\t\t\t\t\t\t\t\t\t\t\t\t\t\t<\/div> \t\t\t\t\t<\/div> \t\t<\/div> \t\t\t\t\t<\/div> \t\t<\/section> \t\t\t\t<section class=\"elementor-section elementor-top-section elementor-element elementor-element-fc81f59 elementor-section-boxed elementor-section-height-default elementor-section-height-default\" data-id=\"fc81f59\" data-element_type=\"section\" data-e-type=\"section\"> \t\t\t\t\t\t<div class=\"elementor-container elementor-column-gap-default\"> \t\t\t\t\t<div class=\"elementor-column elementor-col-33 elementor-top-column elementor-element elementor-element-5e07e68\" data-id=\"5e07e68\" data-element_type=\"column\" data-e-type=\"column\"> \t\t\t<div class=\"elementor-widget-wrap elementor-element-populated\"> \t\t\t\t\t\t<div class=\"elementor-element elementor-element-c074abd elementor-widget elementor-widget-heading\" data-id=\"c074abd\" data-element_type=\"widget\" data-e-type=\"widget\" data-widget_type=\"heading.default\"> \t\t\t\t\t<h2 class=\"elementor-heading-title elementor-size-default\">Notre service<\/h2>\t\t\t\t<\/div> \t\t\t\t\t<\/div> \t\t<\/div> \t\t\t\t<div class=\"elementor-column elementor-col-33 elementor-top-column elementor-element elementor-element-921f866\" data-id=\"921f866\" data-element_type=\"column\" data-e-type=\"column\"> \t\t\t<div class=\"elementor-widget-wrap elementor-element-populated\"> \t\t\t\t\t\t\t<\/div> \t\t<\/div> \t\t\t\t<div class=\"elementor-column elementor-col-33 elementor-top-column elementor-element elementor-element-bc66e6e\" data-id=\"bc66e6e\" data-element_type=\"column\" data-e-type=\"column\"> \t\t\t<div class=\"elementor-widget-wrap elementor-element-populated\"> \t\t\t\t\t\t\t<\/div> \t\t<\/div> \t\t\t\t\t<\/div> \t\t<\/section> \t\t\t\t<section class=\"elementor-section elementor-top-section elementor-element elementor-element-2a496a2 elementor-section-boxed elementor-section-height-default elementor-section-height-default\" data-id=\"2a496a2\" data-element_type=\"section\" data-e-type=\"section\"> \t\t\t\t\t\t<div class=\"elementor-container elementor-column-gap-default\"> \t\t\t\t\t<div class=\"elementor-column elementor-col-33 elementor-top-column elementor-element elementor-element-49ab124\" data-id=\"49ab124\" data-element_type=\"column\" data-e-type=\"column\"> \t\t\t<div class=\"elementor-widget-wrap elementor-element-populated\"> \t\t\t\t\t\t<div class=\"elementor-element elementor-element-18c5608 elementor-headline--style-highlight elementor-widget elementor-widget-animated-headline\" data-id=\"18c5608\" data-element_type=\"widget\" data-e-type=\"widget\" data-settings=\"{&quot;marker&quot;:&quot;underline&quot;,&quot;highlighted_text&quot;:&quot;Pre-sale&quot;,&quot;headline_style&quot;:&quot;highlight&quot;,&quot;loop&quot;:&quot;yes&quot;,&quot;highlight_animation_duration&quot;:1200,&quot;highlight_iteration_delay&quot;:8000}\" data-widget_type=\"animated-headline.default\"> \t\t\t\t\t\t\t<h3 class=\"elementor-headline\"> \t\t\t\t<span class=\"elementor-headline-dynamic-wrapper elementor-headline-text-wrapper\"> \t\t\t\t\t<span class=\"elementor-headline-dynamic-text elementor-headline-text-active\">Pr\u00e9-vente<\/span> \t\t\t\t<\/span> \t\t\t\t<\/h3> \t\t\t\t\t\t<\/div> \t\t\t\t<div class=\"elementor-element elementor-element-6d7bf1f elementor-widget elementor-widget-text-editor\" data-id=\"6d7bf1f\" data-element_type=\"widget\" data-e-type=\"widget\" data-widget_type=\"text-editor.default\"> \t\t\t\t\t\t\t\t\t<ol><li>Se connaitre les un les autres. Nous ferons une recherche simple sur vous, sur votre mati\u00e8re premi\u00e8re, l'animal que vous devez nourrir, la superficie de l'usine et votre budget. Afin de vous recommander le mat\u00e9riel qui vous convient le mieux.<\/li><li>Citation \u00e9l\u00e9gante. En fonction de l'\u00e9quipement dont vous avez besoin, nous vous fournirons un devis \u00e9l\u00e9gant de la machine. Il comprendra des mod\u00e8les d\u00e9taill\u00e9s avec leur prix, et le sch\u00e9ma recommand\u00e9 sera \u00e9galement r\u00e9pertori\u00e9.<\/li><li>Conception exclusive. Le budget et la conception de l\u2019usine de chaque client seront diff\u00e9rents. Nous concevrons donc une disposition raisonnable en fonction de la zone de votre atelier et nous fournirons des dessins professionnels pour votre r\u00e9f\u00e9rence.<\/li><\/ol>\t\t\t\t\t\t\t\t<\/div> \t\t\t\t\t<\/div> \t\t<\/div> \t\t\t\t<div class=\"elementor-column elementor-col-33 elementor-top-column elementor-element elementor-element-43f0804\" data-id=\"43f0804\" data-element_type=\"column\" data-e-type=\"column\"> \t\t\t<div class=\"elementor-widget-wrap elementor-element-populated\"> \t\t\t\t\t\t<div class=\"elementor-element elementor-element-f17f262 elementor-headline--style-highlight elementor-widget elementor-widget-animated-headline\" data-id=\"f17f262\" data-element_type=\"widget\" data-e-type=\"widget\" data-settings=\"{&quot;marker&quot;:&quot;underline&quot;,&quot;highlighted_text&quot;:&quot;Sale&quot;,&quot;headline_style&quot;:&quot;highlight&quot;,&quot;loop&quot;:&quot;yes&quot;,&quot;highlight_animation_duration&quot;:1200,&quot;highlight_iteration_delay&quot;:8000}\" data-widget_type=\"animated-headline.default\"> \t\t\t\t\t\t\t<h3 class=\"elementor-headline\"> \t\t\t\t<span class=\"elementor-headline-dynamic-wrapper elementor-headline-text-wrapper\"> \t\t\t\t\t<span class=\"elementor-headline-dynamic-text elementor-headline-text-active\">Vente<\/span> \t\t\t\t<\/span> \t\t\t\t<\/h3> \t\t\t\t\t\t<\/div> \t\t\t\t<div class=\"elementor-element elementor-element-abe892c elementor-widget elementor-widget-text-editor\" data-id=\"abe892c\" data-element_type=\"widget\" data-e-type=\"widget\" data-widget_type=\"text-editor.default\"> \t\t\t\t\t\t\t\t\t<ol><li>Un mode de paiement s\u00fbr et pratique. Nous pouvons accepter l'assurance commerciale, T\/T, Money Gram, L\/C, Pay Pal, Western Union, Cash, etc., vous pouvez choisir les conditions de paiement les plus pratiques pour vous.<\/li><li>Processus de livraison professionnel. Nous acceptons toutes formes d\u2019inspection avant livraison. Nous fournirons \u00e9galement aux clients des photos de livraison et des vid\u00e9os de marche au ralenti des machines.<\/li><\/ol>\t\t\t\t\t\t\t\t<\/div> \t\t\t\t\t<\/div> \t\t<\/div> \t\t\t\t<div class=\"elementor-column elementor-col-33 elementor-top-column elementor-element elementor-element-84413d1\" data-id=\"84413d1\" data-element_type=\"column\" data-e-type=\"column\"> \t\t\t<div class=\"elementor-widget-wrap elementor-element-populated\"> \t\t\t\t\t\t<div class=\"elementor-element elementor-element-86e727b elementor-headline--style-highlight elementor-widget elementor-widget-animated-headline\" data-id=\"86e727b\" data-element_type=\"widget\" data-e-type=\"widget\" data-settings=\"{&quot;marker&quot;:&quot;underline&quot;,&quot;highlighted_text&quot;:&quot;After-sale&quot;,&quot;headline_style&quot;:&quot;highlight&quot;,&quot;loop&quot;:&quot;yes&quot;,&quot;highlight_animation_duration&quot;:1200,&quot;highlight_iteration_delay&quot;:8000}\" data-widget_type=\"animated-headline.default\"> \t\t\t\t\t\t\t<h3 class=\"elementor-headline\"> \t\t\t\t<span class=\"elementor-headline-dynamic-wrapper elementor-headline-text-wrapper\"> \t\t\t\t\t<span class=\"elementor-headline-dynamic-text elementor-headline-text-active\">Apr\u00e8s vente<\/span> \t\t\t\t<\/span> \t\t\t\t<\/h3> \t\t\t\t\t\t<\/div> \t\t\t\t<div class=\"elementor-element elementor-element-d628974 elementor-widget elementor-widget-text-editor\" data-id=\"d628974\" data-element_type=\"widget\" data-e-type=\"widget\" data-widget_type=\"text-editor.default\"> \t\t\t\t\t\t\t\t\t<ol><li>Suivi logistique en temps opportun. Nous suivrons la logistique des marchandises en temps opportun et vous informerons de l'avancement de la livraison.<\/li><li>Service d'installation sur site. Vous n'avez pas \u00e0 vous soucier des probl\u00e8mes d'installation. Nous pouvons envoyer un ing\u00e9nieur professionnel chez vous et fournir des instructions d'installation et d'utilisation.<\/li><li>Conseils d'installation et d'utilisation en ligne. Si vous n\u2019avez pas besoin de service d\u2019installation sur site, nous pouvons \u00e9galement vous fournir des conseils vid\u00e9o en ligne. Nous nous engageons \u00e0 vous aider \u00e0 bien utiliser la machine apr\u00e8s avoir achet\u00e9 notre machine.<\/li><li>Pi\u00e8ces de rechange gratuites. Nous pouvons vous envoyer gratuitement les pi\u00e8ces vuln\u00e9rables, les frais de transport seront \u00e0 la charge de l'acheteur.<\/li><\/ol>\t\t\t\t\t\t\t\t<\/div> \t\t\t\t\t<\/div> \t\t<\/div> \t\t\t\t\t<\/div> \t\t<\/section> \t\t\t\t<section class=\"elementor-section elementor-top-section elementor-element elementor-element-5a989f1 elementor-section-boxed elementor-section-height-default elementor-section-height-default\" data-id=\"5a989f1\" data-element_type=\"section\" data-e-type=\"section\"> \t\t\t\t\t\t<div class=\"elementor-container elementor-column-gap-default\"> \t\t\t\t\t<div class=\"elementor-column elementor-col-100 elementor-top-column elementor-element elementor-element-5fd9ad9\" data-id=\"5fd9ad9\" data-element_type=\"column\" data-e-type=\"column\"> \t\t\t<div class=\"elementor-widget-wrap elementor-element-populated\"> \t\t\t\t\t\t<div class=\"elementor-element elementor-element-2ad6745 elementor-widget elementor-widget-heading\" data-id=\"2ad6745\" data-element_type=\"widget\" data-e-type=\"widget\" data-widget_type=\"heading.default\"> \t\t\t\t\t<h2 class=\"elementor-heading-title elementor-size-default\">FAQ<\/h2>\t\t\t\t<\/div> \t\t\t\t\t<\/div> \t\t<\/div> \t\t\t\t\t<\/div> \t\t<\/section> \t\t\t\t<section class=\"elementor-section elementor-top-section elementor-element elementor-element-8353bbe elementor-section-boxed elementor-section-height-default elementor-section-height-default\" data-id=\"8353bbe\" data-element_type=\"section\" data-e-type=\"section\"> \t\t\t\t\t\t<div class=\"elementor-container elementor-column-gap-default\"> \t\t\t\t\t<div class=\"elementor-column elementor-col-100 elementor-top-column elementor-element elementor-element-ef57e48\" data-id=\"ef57e48\" data-element_type=\"column\" data-e-type=\"column\"> \t\t\t<div class=\"elementor-widget-wrap elementor-element-populated\"> \t\t\t\t\t\t<div class=\"elementor-element elementor-element-2c26648 elementor-widget elementor-widget-text-editor\" data-id=\"2c26648\" data-element_type=\"widget\" data-e-type=\"widget\" data-widget_type=\"text-editor.default\"> \t\t\t\t\t\t\t\t\t<ol><li>Mod\u00e8le de livraison ?<\/li><\/ol><p>\u00a0 \u00a0 \u00a0 \u00a0 \u00a0 LCL ou FCL par mer, ou par air, international express.<\/p><ol start=\"2\"><li>Combien de temps puis-je recevoir l'article apr\u00e8s le paiement ?<\/li><\/ol><p>\u00a0 \u00a0 \u00a0 \u00a0 \u00a0 Nous livrons g\u00e9n\u00e9ralement l'article dans un d\u00e9lai de 5 \u00e0 7 jours, le d\u00e9lai de livraison par voie maritime ou a\u00e9rienne d\u00e9pendra de votre port d'exp\u00e9dition.<\/p><ol start=\"3\"><li>Quels types de conditions de paiement proposez-vous\u00a0?<\/li><\/ol><p>\u00a0 \u00a0 \u00a0 \u00a0 \u00a0 Assurance commerciale, T\/T, Western Union, Money Gram, L\/C, Paypal, esp\u00e8ces, etc.<\/p><ol start=\"4\"><li>Quel type d'emballage proposez-vous ?<\/li><\/ol><p>\u00a0 \u00a0 \u00a0 \u00a0 \u00a0 Caisse en bois sans fumigation ou conteneur FCL.<\/p><ol start=\"5\"><li>Quelle est la dur\u00e9e de la garantie ?<\/li><\/ol><p>\u00a0 \u00a0 \u00a0 \u00a0 \u00a0 1 an de garantie, entretien \u00e0 vie.<\/p><ol start=\"6\"><li>Quel type de service apr\u00e8s-vente proposez-vous\u00a0?<\/li><\/ol><p>\u00a0 \u00a0 \u00a0 \u00a0 \u00a0 Pi\u00e8ces de rechange, installation sur site, mise en service et formation, service de maintenance et de r\u00e9paration sur site, support technique vid\u00e9o et support en ligne.<\/p><p>\u00a0 \u00a0 \u00a0 \u00a0 \u00a0 Nous nous engageons \u00e0 vous fournir la meilleure machine et le meilleur service.<\/p>\t\t\t\t\t\t\t\t<\/div> \t\t\t\t\t<\/div> \t\t<\/div> \t\t\t\t\t<\/div> \t\t<\/section> \t\t\t\t<\/div>","protected":false},"excerpt":{"rendered":"<p>About Us Learn About Our Company About Taizy Company. Taizy Machinery Company is a professional company devoted to research and development of agricultural machinery. Our company is engaged in industrial manufacturing and international trading, and we have a professional team to provide best service to customers. Since its establishment in 2011, our machines have been [&hellip;]<\/p>\n","protected":false},"author":1,"featured_media":0,"parent":0,"menu_order":0,"comment_status":"closed","ping_status":"closed","template":"","meta":{"footnotes":""},"class_list":["post-5","page","type-page","status-publish","hentry"],"_links":{"self":[{"href":"https:\/\/pelletmillmachine.com\/fr\/wp-json\/wp\/v2\/pages\/5","targetHints":{"allow":["GET"]}}],"collection":[{"href":"https:\/\/pelletmillmachine.com\/fr\/wp-json\/wp\/v2\/pages"}],"about":[{"href":"https:\/\/pelletmillmachine.com\/fr\/wp-json\/wp\/v2\/types\/page"}],"author":[{"embeddable":true,"href":"https:\/\/pelletmillmachine.com\/fr\/wp-json\/wp\/v2\/users\/1"}],"replies":[{"embeddable":true,"href":"https:\/\/pelletmillmachine.com\/fr\/wp-json\/wp\/v2\/comments?post=5"}],"version-history":[{"count":0,"href":"https:\/\/pelletmillmachine.com\/fr\/wp-json\/wp\/v2\/pages\/5\/revisions"}],"wp:attachment":[{"href":"https:\/\/pelletmillmachine.com\/fr\/wp-json\/wp\/v2\/media?parent=5"}],"curies":[{"name":"wp","href":"https:\/\/api.w.org\/{rel}","templated":true}]}}