{"id":5,"date":"2019-12-14T03:43:12","date_gmt":"2019-12-14T03:43:12","guid":{"rendered":"http:\/\/pelletmillmachine.com\/?page_id=5"},"modified":"2020-01-09T02:57:18","modified_gmt":"2020-01-09T02:57:18","slug":"about-us","status":"publish","type":"page","link":"https:\/\/pelletmillmachine.com\/es\/about-us\/","title":{"rendered":"Sobre nosotros"},"content":{"rendered":"<div data-elementor-type=\"wp-page\" data-elementor-id=\"5\" class=\"elementor elementor-5\" data-elementor-post-type=\"page\"> \t\t\t\t\t\t<section class=\"elementor-section elementor-top-section elementor-element elementor-element-966426e elementor-section-height-min-height elementor-section-boxed elementor-section-height-default elementor-section-items-middle\" data-id=\"966426e\" data-element_type=\"section\" data-e-type=\"section\" data-settings=\"{&quot;background_background&quot;:&quot;gradient&quot;,&quot;shape_divider_bottom&quot;:&quot;opacity-fan&quot;}\"> \t\t\t\t\t<div class=\"elementor-shape elementor-shape-bottom\" aria-hidden=\"true\" data-negative=\"false\"> \t\t\t<svg xmlns=\"http:\/\/www.w3.org\/2000\/svg\" viewbox=\"0 0 283.5 19.6\" preserveaspectratio=\"none\"> \t<path class=\"elementor-shape-fill\" style=\"opacity:0.33\" d=\"M0 0L0 18.8 141.8 4.1 283.5 18.8 283.5 0z\"\/> \t<path class=\"elementor-shape-fill\" style=\"opacity:0.33\" d=\"M0 0L0 12.6 141.8 4 283.5 12.6 283.5 0z\"\/> \t<path class=\"elementor-shape-fill\" style=\"opacity:0.33\" d=\"M0 0L0 6.4 141.8 4 283.5 6.4 283.5 0z\"\/> \t<path class=\"elementor-shape-fill\" d=\"M0 0L0 1.2 141.8 4 283.5 1.2 283.5 0z\"\/> <\/svg>\t\t<\/div> \t\t\t\t\t<div class=\"elementor-container elementor-column-gap-default\"> \t\t\t\t\t<div class=\"elementor-column elementor-col-100 elementor-top-column elementor-element elementor-element-b725402\" data-id=\"b725402\" data-element_type=\"column\" data-e-type=\"column\"> \t\t\t<div class=\"elementor-widget-wrap elementor-element-populated\"> \t\t\t\t\t\t<div class=\"elementor-element elementor-element-a22caee elementor-widget elementor-widget-heading\" data-id=\"a22caee\" data-element_type=\"widget\" data-e-type=\"widget\" data-widget_type=\"heading.default\"> \t\t\t\t\t<h2 class=\"elementor-heading-title elementor-size-default\">Sobre nosotros<\/h2>\t\t\t\t<\/div> \t\t\t\t<div class=\"elementor-element elementor-element-361a952 elementor-widget elementor-widget-text-editor\" data-id=\"361a952\" data-element_type=\"widget\" data-e-type=\"widget\" data-widget_type=\"text-editor.default\"> \t\t\t\t\t\t\t\t\t<p>Conozca nuestra empresa<\/p>\t\t\t\t\t\t\t\t<\/div> \t\t\t\t\t<\/div> \t\t<\/div> \t\t\t\t\t<\/div> \t\t<\/section> \t\t\t\t<section class=\"elementor-section elementor-top-section elementor-element elementor-element-609cc3cc elementor-section-content-middle elementor-section-boxed elementor-section-height-default elementor-section-height-default\" data-id=\"609cc3cc\" data-element_type=\"section\" data-e-type=\"section\"> \t\t\t\t\t\t<div class=\"elementor-container elementor-column-gap-no\"> \t\t\t\t\t<div class=\"elementor-column elementor-col-50 elementor-top-column elementor-element elementor-element-60f18b43\" data-id=\"60f18b43\" data-element_type=\"column\" data-e-type=\"column\"> \t\t\t<div class=\"elementor-widget-wrap elementor-element-populated\"> \t\t\t\t\t\t<div class=\"elementor-element elementor-element-490e2539 elementor-widget elementor-widget-heading\" data-id=\"490e2539\" data-element_type=\"widget\" data-e-type=\"widget\" data-widget_type=\"heading.default\"> \t\t\t\t\t<h4 class=\"elementor-heading-title elementor-size-default\">Acerca de la empresa Taizy.<\/h4>\t\t\t\t<\/div> \t\t\t\t<div class=\"elementor-element elementor-element-264175bb elementor-widget elementor-widget-text-editor\" data-id=\"264175bb\" data-element_type=\"widget\" data-e-type=\"widget\" data-widget_type=\"text-editor.default\"> \t\t\t\t\t\t\t\t\t<p>Taizy Machinery Company es una empresa profesional dedicada a la investigaci\u00f3n y desarrollo de maquinaria agr\u00edcola. Nuestra empresa se dedica a la fabricaci\u00f3n industrial y al comercio internacional, y contamos con un equipo profesional para brindar el mejor servicio a los clientes. Desde su creaci\u00f3n en 2011, nuestras m\u00e1quinas han sido bien recibidas por los agricultores nacionales y extranjeros. Nuestra empresa est\u00e1 ubicada en Zhengzhou, provincia de Henan, con una superficie de f\u00e1brica de m\u00e1s de 30.000 metros cuadrados. Contamos con m\u00e1s de doscientos trabajadores profesionales y cualificados, que se dedican a cada detalle de nuestras m\u00e1quinas.<\/p><p>A lo largo de los a\u00f1os, hemos desarrollado y producido maquinaria de pellets de alimento, incluida la m\u00e1quina de pellets de molde plano, la m\u00e1quina de pellets de molde circular, la m\u00e1quina de pellets de alimento para peces y su l\u00ednea de producci\u00f3n, la m\u00e1quina de pellets de alimento para mascotas y su l\u00ednea de producci\u00f3n, etc. El pellet de alimento es principalmente para animales como vaca, caballo, pollo, oveja, cabra, cerdo, pez, camar\u00f3n, gato, perro, conejo, h\u00e1mster, etc. El tama\u00f1o del producto de nuestra m\u00e1quina de pellets es uniforme, la palatabilidad es buena y tiene un efecto obvio en la cr\u00eda de animales. El espacio de nuestro equipo es peque\u00f1o, el costo es asequible y puede obtener ganancias r\u00e1pidamente. Debido a que consideramos los detalles de las m\u00e1quinas desde la perspectiva de los consumidores, nuestras m\u00e1quinas son bien recibidas por la mayor\u00eda de los consumidores.<\/p>\t\t\t\t\t\t\t\t<\/div> \t\t\t\t\t<\/div> \t\t<\/div> \t\t\t\t<div class=\"elementor-column elementor-col-50 elementor-top-column elementor-element elementor-element-1a232ab\" data-id=\"1a232ab\" data-element_type=\"column\" data-e-type=\"column\"> \t\t\t<div class=\"elementor-widget-wrap elementor-element-populated\"> \t\t\t\t\t\t<div class=\"elementor-element elementor-element-387cd92 elementor-widget elementor-widget-image\" data-id=\"387cd92\" data-element_type=\"widget\" data-e-type=\"widget\" data-widget_type=\"image.default\"> \t\t\t\t\t\t\t\t\t\t\t\t\t\t\t<img fetchpriority=\"high\" decoding=\"async\" width=\"800\" height=\"600\" src=\"https:\/\/pelletmillmachine.com\/wp-content\/uploads\/2020\/01\/biscuit-production-line-manufacturer-scaled-1.jpg\" class=\"attachment-large size-large wp-image-483\" alt=\"\" srcset=\"https:\/\/pelletmillmachine.com\/wp-content\/uploads\/2020\/01\/biscuit-production-line-manufacturer-scaled-1.jpg 950w, https:\/\/pelletmillmachine.com\/wp-content\/uploads\/2020\/01\/biscuit-production-line-manufacturer-scaled-1-300x225.jpg 300w, https:\/\/pelletmillmachine.com\/wp-content\/uploads\/2020\/01\/biscuit-production-line-manufacturer-scaled-1-768x576.jpg 768w\" sizes=\"(max-width: 800px) 100vw, 800px\" \/>\t\t\t\t\t\t\t\t\t\t\t\t\t\t\t<\/div> \t\t\t\t\t<\/div> \t\t<\/div> \t\t\t\t\t<\/div> \t\t<\/section> \t\t\t\t<section class=\"elementor-section elementor-top-section elementor-element elementor-element-fc81f59 elementor-section-boxed elementor-section-height-default elementor-section-height-default\" data-id=\"fc81f59\" data-element_type=\"section\" data-e-type=\"section\"> \t\t\t\t\t\t<div class=\"elementor-container elementor-column-gap-default\"> \t\t\t\t\t<div class=\"elementor-column elementor-col-33 elementor-top-column elementor-element elementor-element-5e07e68\" data-id=\"5e07e68\" data-element_type=\"column\" data-e-type=\"column\"> \t\t\t<div class=\"elementor-widget-wrap elementor-element-populated\"> \t\t\t\t\t\t<div class=\"elementor-element elementor-element-c074abd elementor-widget elementor-widget-heading\" data-id=\"c074abd\" data-element_type=\"widget\" data-e-type=\"widget\" data-widget_type=\"heading.default\"> \t\t\t\t\t<h2 class=\"elementor-heading-title elementor-size-default\">Nuestro servicio<\/h2>\t\t\t\t<\/div> \t\t\t\t\t<\/div> \t\t<\/div> \t\t\t\t<div class=\"elementor-column elementor-col-33 elementor-top-column elementor-element elementor-element-921f866\" data-id=\"921f866\" data-element_type=\"column\" data-e-type=\"column\"> \t\t\t<div class=\"elementor-widget-wrap elementor-element-populated\"> \t\t\t\t\t\t\t<\/div> \t\t<\/div> \t\t\t\t<div class=\"elementor-column elementor-col-33 elementor-top-column elementor-element elementor-element-bc66e6e\" data-id=\"bc66e6e\" data-element_type=\"column\" data-e-type=\"column\"> \t\t\t<div class=\"elementor-widget-wrap elementor-element-populated\"> \t\t\t\t\t\t\t<\/div> \t\t<\/div> \t\t\t\t\t<\/div> \t\t<\/section> \t\t\t\t<section class=\"elementor-section elementor-top-section elementor-element elementor-element-2a496a2 elementor-section-boxed elementor-section-height-default elementor-section-height-default\" data-id=\"2a496a2\" data-element_type=\"section\" data-e-type=\"section\"> \t\t\t\t\t\t<div class=\"elementor-container elementor-column-gap-default\"> \t\t\t\t\t<div class=\"elementor-column elementor-col-33 elementor-top-column elementor-element elementor-element-49ab124\" data-id=\"49ab124\" data-element_type=\"column\" data-e-type=\"column\"> \t\t\t<div class=\"elementor-widget-wrap elementor-element-populated\"> \t\t\t\t\t\t<div class=\"elementor-element elementor-element-18c5608 elementor-headline--style-highlight elementor-widget elementor-widget-animated-headline\" data-id=\"18c5608\" data-element_type=\"widget\" data-e-type=\"widget\" data-settings=\"{&quot;marker&quot;:&quot;underline&quot;,&quot;highlighted_text&quot;:&quot;Pre-sale&quot;,&quot;headline_style&quot;:&quot;highlight&quot;,&quot;loop&quot;:&quot;yes&quot;,&quot;highlight_animation_duration&quot;:1200,&quot;highlight_iteration_delay&quot;:8000}\" data-widget_type=\"animated-headline.default\"> \t\t\t\t\t\t\t<h3 class=\"elementor-headline\"> \t\t\t\t<span class=\"elementor-headline-dynamic-wrapper elementor-headline-text-wrapper\"> \t\t\t\t\t<span class=\"elementor-headline-dynamic-text elementor-headline-text-active\">Preventa<\/span> \t\t\t\t<\/span> \t\t\t\t<\/h3> \t\t\t\t\t\t<\/div> \t\t\t\t<div class=\"elementor-element elementor-element-6d7bf1f elementor-widget elementor-widget-text-editor\" data-id=\"6d7bf1f\" data-element_type=\"widget\" data-e-type=\"widget\" data-widget_type=\"text-editor.default\"> \t\t\t\t\t\t\t\t\t<ol><li>Conocernos. Haremos una sencilla investigaci\u00f3n sobre ti, sobre tu materia prima, el animal que necesitas alimentar, el \u00e1rea de f\u00e1brica y tu presupuesto. Para recomendarte el equipo que m\u00e1s te conviene.<\/li><li>Cita elegante. Seg\u00fan el equipo que necesite, le proporcionaremos un elegante presupuesto de la m\u00e1quina. Incluir\u00e1 modelos detallados con su precio y tambi\u00e9n se enumerar\u00e1 el esquema recomendado.<\/li><li>Dise\u00f1o exclusivo. El presupuesto y el dise\u00f1o de la planta de cada cliente ser\u00e1n diferentes. Por lo tanto, dise\u00f1aremos un dise\u00f1o razonable de acuerdo con el \u00e1rea de su taller y le proporcionaremos dibujos profesionales para su referencia.<\/li><\/ol>\t\t\t\t\t\t\t\t<\/div> \t\t\t\t\t<\/div> \t\t<\/div> \t\t\t\t<div class=\"elementor-column elementor-col-33 elementor-top-column elementor-element elementor-element-43f0804\" data-id=\"43f0804\" data-element_type=\"column\" data-e-type=\"column\"> \t\t\t<div class=\"elementor-widget-wrap elementor-element-populated\"> \t\t\t\t\t\t<div class=\"elementor-element elementor-element-f17f262 elementor-headline--style-highlight elementor-widget elementor-widget-animated-headline\" data-id=\"f17f262\" data-element_type=\"widget\" data-e-type=\"widget\" data-settings=\"{&quot;marker&quot;:&quot;underline&quot;,&quot;highlighted_text&quot;:&quot;Sale&quot;,&quot;headline_style&quot;:&quot;highlight&quot;,&quot;loop&quot;:&quot;yes&quot;,&quot;highlight_animation_duration&quot;:1200,&quot;highlight_iteration_delay&quot;:8000}\" data-widget_type=\"animated-headline.default\"> \t\t\t\t\t\t\t<h3 class=\"elementor-headline\"> \t\t\t\t<span class=\"elementor-headline-dynamic-wrapper elementor-headline-text-wrapper\"> \t\t\t\t\t<span class=\"elementor-headline-dynamic-text elementor-headline-text-active\">Venta<\/span> \t\t\t\t<\/span> \t\t\t\t<\/h3> \t\t\t\t\t\t<\/div> \t\t\t\t<div class=\"elementor-element elementor-element-abe892c elementor-widget elementor-widget-text-editor\" data-id=\"abe892c\" data-element_type=\"widget\" data-e-type=\"widget\" data-widget_type=\"text-editor.default\"> \t\t\t\t\t\t\t\t\t<ol><li>Un m\u00e9todo de pago seguro y conveniente. Podemos aceptar Trade Assurance, T\/T, Money Gram, L\/C, Pay Pal, Western Union, efectivo, etc., puede elegir el plazo de pago que m\u00e1s le convenga.<\/li><li>Proceso de entrega profesional. Aceptamos todas las formas de inspecci\u00f3n antes de la entrega. Tambi\u00e9n proporcionaremos a los clientes fotograf\u00edas de la entrega y videos de la m\u00e1quina inactiva.<\/li><\/ol>\t\t\t\t\t\t\t\t<\/div> \t\t\t\t\t<\/div> \t\t<\/div> \t\t\t\t<div class=\"elementor-column elementor-col-33 elementor-top-column elementor-element elementor-element-84413d1\" data-id=\"84413d1\" data-element_type=\"column\" data-e-type=\"column\"> \t\t\t<div class=\"elementor-widget-wrap elementor-element-populated\"> \t\t\t\t\t\t<div class=\"elementor-element elementor-element-86e727b elementor-headline--style-highlight elementor-widget elementor-widget-animated-headline\" data-id=\"86e727b\" data-element_type=\"widget\" data-e-type=\"widget\" data-settings=\"{&quot;marker&quot;:&quot;underline&quot;,&quot;highlighted_text&quot;:&quot;After-sale&quot;,&quot;headline_style&quot;:&quot;highlight&quot;,&quot;loop&quot;:&quot;yes&quot;,&quot;highlight_animation_duration&quot;:1200,&quot;highlight_iteration_delay&quot;:8000}\" data-widget_type=\"animated-headline.default\"> \t\t\t\t\t\t\t<h3 class=\"elementor-headline\"> \t\t\t\t<span class=\"elementor-headline-dynamic-wrapper elementor-headline-text-wrapper\"> \t\t\t\t\t<span class=\"elementor-headline-dynamic-text elementor-headline-text-active\">Despu\u00e9s de la venta<\/span> \t\t\t\t<\/span> \t\t\t\t<\/h3> \t\t\t\t\t\t<\/div> \t\t\t\t<div class=\"elementor-element elementor-element-d628974 elementor-widget elementor-widget-text-editor\" data-id=\"d628974\" data-element_type=\"widget\" data-e-type=\"widget\" data-widget_type=\"text-editor.default\"> \t\t\t\t\t\t\t\t\t<ol><li>Seguimiento log\u00edstico oportuno. Realizaremos un seguimiento de la log\u00edstica de los productos a tiempo y le informaremos sobre el progreso de la entrega.<\/li><li>Servicio de instalaci\u00f3n en sitio. No necesita preocuparse por los problemas de instalaci\u00f3n. Podemos enviar un ingeniero profesional a su ubicaci\u00f3n local y proporcionarle instrucciones de instalaci\u00f3n y uso.<\/li><li>Gu\u00eda de instalaci\u00f3n y uso en l\u00ednea. Si no necesita un servicio de instalaci\u00f3n en el sitio, tambi\u00e9n podemos brindarle orientaci\u00f3n en video en l\u00ednea. Nos comprometemos a ayudarle a utilizar bien la m\u00e1quina despu\u00e9s de comprarla.<\/li><li>Repuestos gratis. Podemos enviarle piezas vulnerables de forma gratuita, los gastos de transporte correr\u00e1n a cargo del comprador.<\/li><\/ol>\t\t\t\t\t\t\t\t<\/div> \t\t\t\t\t<\/div> \t\t<\/div> \t\t\t\t\t<\/div> \t\t<\/section> \t\t\t\t<section class=\"elementor-section elementor-top-section elementor-element elementor-element-5a989f1 elementor-section-boxed elementor-section-height-default elementor-section-height-default\" data-id=\"5a989f1\" data-element_type=\"section\" data-e-type=\"section\"> \t\t\t\t\t\t<div class=\"elementor-container elementor-column-gap-default\"> \t\t\t\t\t<div class=\"elementor-column elementor-col-100 elementor-top-column elementor-element elementor-element-5fd9ad9\" data-id=\"5fd9ad9\" data-element_type=\"column\" data-e-type=\"column\"> \t\t\t<div class=\"elementor-widget-wrap elementor-element-populated\"> \t\t\t\t\t\t<div class=\"elementor-element elementor-element-2ad6745 elementor-widget elementor-widget-heading\" data-id=\"2ad6745\" data-element_type=\"widget\" data-e-type=\"widget\" data-widget_type=\"heading.default\"> \t\t\t\t\t<h2 class=\"elementor-heading-title elementor-size-default\">Preguntas m\u00e1s frecuentes<\/h2>\t\t\t\t<\/div> \t\t\t\t\t<\/div> \t\t<\/div> \t\t\t\t\t<\/div> \t\t<\/section> \t\t\t\t<section class=\"elementor-section elementor-top-section elementor-element elementor-element-8353bbe elementor-section-boxed elementor-section-height-default elementor-section-height-default\" data-id=\"8353bbe\" data-element_type=\"section\" data-e-type=\"section\"> \t\t\t\t\t\t<div class=\"elementor-container elementor-column-gap-default\"> \t\t\t\t\t<div class=\"elementor-column elementor-col-100 elementor-top-column elementor-element elementor-element-ef57e48\" data-id=\"ef57e48\" data-element_type=\"column\" data-e-type=\"column\"> \t\t\t<div class=\"elementor-widget-wrap elementor-element-populated\"> \t\t\t\t\t\t<div class=\"elementor-element elementor-element-2c26648 elementor-widget elementor-widget-text-editor\" data-id=\"2c26648\" data-element_type=\"widget\" data-e-type=\"widget\" data-widget_type=\"text-editor.default\"> \t\t\t\t\t\t\t\t\t<ol><li>\u00bfModelo de entrega?<\/li><\/ol><p>\u00a0 \u00a0 \u00a0 \u00a0 \u00a0 LCL o FCL por mar o por aire, expreso internacional.<\/p><ol start=\"2\"><li>\u00bfCu\u00e1nto tiempo puedo recibir el art\u00edculo despu\u00e9s de pagar?<\/li><\/ol><p>\u00a0 \u00a0 \u00a0 \u00a0 \u00a0 Generalmente entregamos el art\u00edculo dentro de 5 a 7 d\u00edas, el tiempo de entrega por mar o por aire depender\u00e1 de su puerto de env\u00edo.<\/p><ol start=\"3\"><li>\u00bfQu\u00e9 tipo de condiciones de pago ofrecen?<\/li><\/ol><p>\u00a0 \u00a0 \u00a0 \u00a0 \u00a0 Garant\u00eda comercial, T\/T, Western Union, Money Gram, L\/C, Pay Pal, efectivo, etc.<\/p><ol start=\"4\"><li>\u00bfQu\u00e9 tipo de embalaje proporcionan?<\/li><\/ol><p>\u00a0 \u00a0 \u00a0 \u00a0 \u00a0 Caja de madera no fumigable, o contenedor FCL.<\/p><ol start=\"5\"><li>\u00bfCu\u00e1nto dura el tiempo de garant\u00eda?<\/li><\/ol><p>\u00a0 \u00a0 \u00a0 \u00a0 \u00a0 1 a\u00f1o de garant\u00eda, mantenimiento de por vida.<\/p><ol start=\"6\"><li>\u00bfQu\u00e9 tipo de servicio postventa ofrecen?<\/li><\/ol><p>\u00a0 \u00a0 \u00a0 \u00a0 \u00a0 Repuestos, instalaci\u00f3n en campo, puesta en marcha y capacitaci\u00f3n, servicio de reparaci\u00f3n y mantenimiento en campo, soporte t\u00e9cnico por video y soporte en l\u00ednea.<\/p><p>\u00a0 \u00a0 \u00a0 \u00a0 \u00a0 Estamos comprometidos a brindarle la mejor m\u00e1quina y el mejor servicio.<\/p>\t\t\t\t\t\t\t\t<\/div> \t\t\t\t\t<\/div> \t\t<\/div> \t\t\t\t\t<\/div> \t\t<\/section> \t\t\t\t<\/div>","protected":false},"excerpt":{"rendered":"<p>About Us Learn About Our Company About Taizy Company. Taizy Machinery Company is a professional company devoted to research and development of agricultural machinery. Our company is engaged in industrial manufacturing and international trading, and we have a professional team to provide best service to customers. Since its establishment in 2011, our machines have been [&hellip;]<\/p>\n","protected":false},"author":1,"featured_media":0,"parent":0,"menu_order":0,"comment_status":"closed","ping_status":"closed","template":"","meta":{"footnotes":""},"class_list":["post-5","page","type-page","status-publish","hentry"],"_links":{"self":[{"href":"https:\/\/pelletmillmachine.com\/es\/wp-json\/wp\/v2\/pages\/5","targetHints":{"allow":["GET"]}}],"collection":[{"href":"https:\/\/pelletmillmachine.com\/es\/wp-json\/wp\/v2\/pages"}],"about":[{"href":"https:\/\/pelletmillmachine.com\/es\/wp-json\/wp\/v2\/types\/page"}],"author":[{"embeddable":true,"href":"https:\/\/pelletmillmachine.com\/es\/wp-json\/wp\/v2\/users\/1"}],"replies":[{"embeddable":true,"href":"https:\/\/pelletmillmachine.com\/es\/wp-json\/wp\/v2\/comments?post=5"}],"version-history":[{"count":0,"href":"https:\/\/pelletmillmachine.com\/es\/wp-json\/wp\/v2\/pages\/5\/revisions"}],"wp:attachment":[{"href":"https:\/\/pelletmillmachine.com\/es\/wp-json\/wp\/v2\/media?parent=5"}],"curies":[{"name":"wp","href":"https:\/\/api.w.org\/{rel}","templated":true}]}}