{"id":5,"date":"2019-12-14T03:43:12","date_gmt":"2019-12-14T03:43:12","guid":{"rendered":"http:\/\/pelletmillmachine.com\/?page_id=5"},"modified":"2020-01-09T02:57:18","modified_gmt":"2020-01-09T02:57:18","slug":"about-us","status":"publish","type":"page","link":"https:\/\/pelletmillmachine.com\/de\/about-us\/","title":{"rendered":"\u00dcber uns"},"content":{"rendered":"<div data-elementor-type=\"wp-page\" data-elementor-id=\"5\" class=\"elementor elementor-5\" data-elementor-post-type=\"page\"> \t\t\t\t\t\t<section class=\"elementor-section elementor-top-section elementor-element elementor-element-966426e elementor-section-height-min-height elementor-section-boxed elementor-section-height-default elementor-section-items-middle\" data-id=\"966426e\" data-element_type=\"section\" data-e-type=\"section\" data-settings=\"{&quot;background_background&quot;:&quot;gradient&quot;,&quot;shape_divider_bottom&quot;:&quot;opacity-fan&quot;}\"> \t\t\t\t\t<div class=\"elementor-shape elementor-shape-bottom\" aria-hidden=\"true\" data-negative=\"false\"> \t\t\t<svg xmlns=\"http:\/\/www.w3.org\/2000\/svg\" viewbox=\"0 0 283.5 19.6\" preserveaspectratio=\"none\"> \t<path class=\"elementor-shape-fill\" style=\"opacity:0.33\" d=\"M0 0L0 18.8 141.8 4.1 283.5 18.8 283.5 0z\"\/> \t<path class=\"elementor-shape-fill\" style=\"opacity:0.33\" d=\"M0 0L0 12.6 141.8 4 283.5 12.6 283.5 0z\"\/> \t<path class=\"elementor-shape-fill\" style=\"opacity:0.33\" d=\"M0 0L0 6.4 141.8 4 283.5 6.4 283.5 0z\"\/> \t<path class=\"elementor-shape-fill\" d=\"M0 0L0 1.2 141.8 4 283.5 1.2 283.5 0z\"\/> <\/svg>\t\t<\/div> \t\t\t\t\t<div class=\"elementor-container elementor-column-gap-default\"> \t\t\t\t\t<div class=\"elementor-column elementor-col-100 elementor-top-column elementor-element elementor-element-b725402\" data-id=\"b725402\" data-element_type=\"column\" data-e-type=\"column\"> \t\t\t<div class=\"elementor-widget-wrap elementor-element-populated\"> \t\t\t\t\t\t<div class=\"elementor-element elementor-element-a22caee elementor-widget elementor-widget-heading\" data-id=\"a22caee\" data-element_type=\"widget\" data-e-type=\"widget\" data-widget_type=\"heading.default\"> \t\t\t\t\t<h2 class=\"elementor-heading-title elementor-size-default\">\u00dcber uns<\/h2>\t\t\t\t<\/div> \t\t\t\t<div class=\"elementor-element elementor-element-361a952 elementor-widget elementor-widget-text-editor\" data-id=\"361a952\" data-element_type=\"widget\" data-e-type=\"widget\" data-widget_type=\"text-editor.default\"> \t\t\t\t\t\t\t\t\t<p>\u00dcber unser Unternehmen lernen<\/p>\t\t\t\t\t\t\t\t<\/div> \t\t\t\t\t<\/div> \t\t<\/div> \t\t\t\t\t<\/div> \t\t<\/section> \t\t\t\t<section class=\"elementor-section elementor-top-section elementor-element elementor-element-609cc3cc elementor-section-content-middle elementor-section-boxed elementor-section-height-default elementor-section-height-default\" data-id=\"609cc3cc\" data-element_type=\"section\" data-e-type=\"section\"> \t\t\t\t\t\t<div class=\"elementor-container elementor-column-gap-no\"> \t\t\t\t\t<div class=\"elementor-column elementor-col-50 elementor-top-column elementor-element elementor-element-60f18b43\" data-id=\"60f18b43\" data-element_type=\"column\" data-e-type=\"column\"> \t\t\t<div class=\"elementor-widget-wrap elementor-element-populated\"> \t\t\t\t\t\t<div class=\"elementor-element elementor-element-490e2539 elementor-widget elementor-widget-heading\" data-id=\"490e2539\" data-element_type=\"widget\" data-e-type=\"widget\" data-widget_type=\"heading.default\"> \t\t\t\t\t<h4 class=\"elementor-heading-title elementor-size-default\">\u00dcber die Taizy Company.<\/h4>\t\t\t\t<\/div> \t\t\t\t<div class=\"elementor-element elementor-element-264175bb elementor-widget elementor-widget-text-editor\" data-id=\"264175bb\" data-element_type=\"widget\" data-e-type=\"widget\" data-widget_type=\"text-editor.default\"> \t\t\t\t\t\t\t\t\t<p>Taizy Machinery Company ist ein professionelles Unternehmen, das sich der Forschung und Entwicklung von Landmaschinen widmet. Unser Unternehmen ist in der industriellen Fertigung und im internationalen Handel t\u00e4tig, und wir verf\u00fcgen \u00fcber ein professionelles Team, das den Kunden den besten Service bietet. Seit unserer Gr\u00fcndung im Jahr 2011 werden unsere Maschinen von Landwirten im In- und Ausland begr\u00fc\u00dft. Unser Unternehmen befindet sich in Zhengzhou, Provinz Henan, mit einer Fabrikfl\u00e4che von \u00fcber 30.000 Quadratmetern. Wir besch\u00e4ftigen \u00fcber zweihundert professionelle und qualifizierte Arbeiter, die sich jedem einzelnen Detail unserer Maschinen widmen.<\/p><p>Im Laufe der Jahre haben wir Futterm\u00fchlen entwickelt und produziert, darunter Flanschpelletmaschinen, Rundflanschpelletmaschinen, Fischfutterpelletmaschinen und deren Produktionslinien, Tierfutterpelletmaschinen und deren Produktionslinien usw. Das Futtermittel dient haupts\u00e4chlich Tieren wie Rindern, Pferden, H\u00fchnern, Schafen, Ziegen, Schweinen, Fischen, Garnelen, Katzen, Hunden, Kaninchen, Hamstern und so weiter. Das Produkt unserer Pelletmaschinen hat eine gleichm\u00e4\u00dfige Gr\u00f6\u00dfe, ist gut schmackhaft und hat eine offensichtliche Wirkung auf die Tierhaltung. Die Stellfl\u00e4che unserer Ausr\u00fcstung ist klein, die Kosten sind erschwinglich und sie k\u00f6nnen schnell Gewinne erzielen. Da wir die Details der Maschinen aus der Perspektive der Verbraucher betrachten, werden unsere Maschinen von der Mehrheit der Verbraucher begr\u00fc\u00dft.<\/p>\t\t\t\t\t\t\t\t<\/div> \t\t\t\t\t<\/div> \t\t<\/div> \t\t\t\t<div class=\"elementor-column elementor-col-50 elementor-top-column elementor-element elementor-element-1a232ab\" data-id=\"1a232ab\" data-element_type=\"column\" data-e-type=\"column\"> \t\t\t<div class=\"elementor-widget-wrap elementor-element-populated\"> \t\t\t\t\t\t<div class=\"elementor-element elementor-element-387cd92 elementor-widget elementor-widget-image\" data-id=\"387cd92\" data-element_type=\"widget\" data-e-type=\"widget\" data-widget_type=\"image.default\"> \t\t\t\t\t\t\t\t\t\t\t\t\t\t\t<img fetchpriority=\"high\" decoding=\"async\" width=\"800\" height=\"600\" src=\"https:\/\/pelletmillmachine.com\/wp-content\/uploads\/2020\/01\/biscuit-production-line-manufacturer-scaled-1.jpg\" class=\"attachment-large size-large wp-image-483\" alt=\"\" srcset=\"https:\/\/pelletmillmachine.com\/wp-content\/uploads\/2020\/01\/biscuit-production-line-manufacturer-scaled-1.jpg 950w, https:\/\/pelletmillmachine.com\/wp-content\/uploads\/2020\/01\/biscuit-production-line-manufacturer-scaled-1-300x225.jpg 300w, https:\/\/pelletmillmachine.com\/wp-content\/uploads\/2020\/01\/biscuit-production-line-manufacturer-scaled-1-768x576.jpg 768w\" sizes=\"(max-width: 800px) 100vw, 800px\" \/>\t\t\t\t\t\t\t\t\t\t\t\t\t\t\t<\/div> \t\t\t\t\t<\/div> \t\t<\/div> \t\t\t\t\t<\/div> \t\t<\/section> \t\t\t\t<section class=\"elementor-section elementor-top-section elementor-element elementor-element-fc81f59 elementor-section-boxed elementor-section-height-default elementor-section-height-default\" data-id=\"fc81f59\" data-element_type=\"section\" data-e-type=\"section\"> \t\t\t\t\t\t<div class=\"elementor-container elementor-column-gap-default\"> \t\t\t\t\t<div class=\"elementor-column elementor-col-33 elementor-top-column elementor-element elementor-element-5e07e68\" data-id=\"5e07e68\" data-element_type=\"column\" data-e-type=\"column\"> \t\t\t<div class=\"elementor-widget-wrap elementor-element-populated\"> \t\t\t\t\t\t<div class=\"elementor-element elementor-element-c074abd elementor-widget elementor-widget-heading\" data-id=\"c074abd\" data-element_type=\"widget\" data-e-type=\"widget\" data-widget_type=\"heading.default\"> \t\t\t\t\t<h2 class=\"elementor-heading-title elementor-size-default\">Unser Service<\/h2>\t\t\t\t<\/div> \t\t\t\t\t<\/div> \t\t<\/div> \t\t\t\t<div class=\"elementor-column elementor-col-33 elementor-top-column elementor-element elementor-element-921f866\" data-id=\"921f866\" data-element_type=\"column\" data-e-type=\"column\"> \t\t\t<div class=\"elementor-widget-wrap elementor-element-populated\"> \t\t\t\t\t\t\t<\/div> \t\t<\/div> \t\t\t\t<div class=\"elementor-column elementor-col-33 elementor-top-column elementor-element elementor-element-bc66e6e\" data-id=\"bc66e6e\" data-element_type=\"column\" data-e-type=\"column\"> \t\t\t<div class=\"elementor-widget-wrap elementor-element-populated\"> \t\t\t\t\t\t\t<\/div> \t\t<\/div> \t\t\t\t\t<\/div> \t\t<\/section> \t\t\t\t<section class=\"elementor-section elementor-top-section elementor-element elementor-element-2a496a2 elementor-section-boxed elementor-section-height-default elementor-section-height-default\" data-id=\"2a496a2\" data-element_type=\"section\" data-e-type=\"section\"> \t\t\t\t\t\t<div class=\"elementor-container elementor-column-gap-default\"> \t\t\t\t\t<div class=\"elementor-column elementor-col-33 elementor-top-column elementor-element elementor-element-49ab124\" data-id=\"49ab124\" data-element_type=\"column\" data-e-type=\"column\"> \t\t\t<div class=\"elementor-widget-wrap elementor-element-populated\"> \t\t\t\t\t\t<div class=\"elementor-element elementor-element-18c5608 elementor-headline--style-highlight elementor-widget elementor-widget-animated-headline\" data-id=\"18c5608\" data-element_type=\"widget\" data-e-type=\"widget\" data-settings=\"{&quot;marker&quot;:&quot;underline&quot;,&quot;highlighted_text&quot;:&quot;Pre-sale&quot;,&quot;headline_style&quot;:&quot;highlight&quot;,&quot;loop&quot;:&quot;yes&quot;,&quot;highlight_animation_duration&quot;:1200,&quot;highlight_iteration_delay&quot;:8000}\" data-widget_type=\"animated-headline.default\"> \t\t\t\t\t\t\t<h3 class=\"elementor-headline\"> \t\t\t\t<span class=\"elementor-headline-dynamic-wrapper elementor-headline-text-wrapper\"> \t\t\t\t\t<span class=\"elementor-headline-dynamic-text elementor-headline-text-active\">Vorverkauf<\/span> \t\t\t\t<\/span> \t\t\t\t<\/h3> \t\t\t\t\t\t<\/div> \t\t\t\t<div class=\"elementor-element elementor-element-6d7bf1f elementor-widget elementor-widget-text-editor\" data-id=\"6d7bf1f\" data-element_type=\"widget\" data-e-type=\"widget\" data-widget_type=\"text-editor.default\"> \t\t\t\t\t\t\t\t\t<ol><li>Lernen Sie sich kennen. Wir werden eine einfache Recherche \u00fcber Sie durchf\u00fchren, \u00fcber Ihre Rohmaterialien, das zu f\u00fctternde Tier, die Fabrikfl\u00e4che und Ihr Budget. Um die f\u00fcr Sie am besten geeignete Ausr\u00fcstung zu empfehlen.<\/li><li>Elegantes Angebot. Je nach ben\u00f6tigter Ausr\u00fcstung unterbreiten wir Ihnen ein elegantes Angebot f\u00fcr die Maschine. Es enth\u00e4lt detaillierte Modelle mit Preisen und empfohlene Pl\u00e4ne werden ebenfalls aufgef\u00fchrt.<\/li><li>Exklusives Design. Das Budget und das Fabrikdesign jedes Kunden sind unterschiedlich. Daher entwerfen wir eine vern\u00fcnftige Aufteilung entsprechend Ihrer Werkstattfl\u00e4che und stellen Ihnen professionelle Zeichnungen zur Referenz zur Verf\u00fcgung.<\/li><\/ol>\t\t\t\t\t\t\t\t<\/div> \t\t\t\t\t<\/div> \t\t<\/div> \t\t\t\t<div class=\"elementor-column elementor-col-33 elementor-top-column elementor-element elementor-element-43f0804\" data-id=\"43f0804\" data-element_type=\"column\" data-e-type=\"column\"> \t\t\t<div class=\"elementor-widget-wrap elementor-element-populated\"> \t\t\t\t\t\t<div class=\"elementor-element elementor-element-f17f262 elementor-headline--style-highlight elementor-widget elementor-widget-animated-headline\" data-id=\"f17f262\" data-element_type=\"widget\" data-e-type=\"widget\" data-settings=\"{&quot;marker&quot;:&quot;underline&quot;,&quot;highlighted_text&quot;:&quot;Sale&quot;,&quot;headline_style&quot;:&quot;highlight&quot;,&quot;loop&quot;:&quot;yes&quot;,&quot;highlight_animation_duration&quot;:1200,&quot;highlight_iteration_delay&quot;:8000}\" data-widget_type=\"animated-headline.default\"> \t\t\t\t\t\t\t<h3 class=\"elementor-headline\"> \t\t\t\t<span class=\"elementor-headline-dynamic-wrapper elementor-headline-text-wrapper\"> \t\t\t\t\t<span class=\"elementor-headline-dynamic-text elementor-headline-text-active\">Verkauf<\/span> \t\t\t\t<\/span> \t\t\t\t<\/h3> \t\t\t\t\t\t<\/div> \t\t\t\t<div class=\"elementor-element elementor-element-abe892c elementor-widget elementor-widget-text-editor\" data-id=\"abe892c\" data-element_type=\"widget\" data-e-type=\"widget\" data-widget_type=\"text-editor.default\"> \t\t\t\t\t\t\t\t\t<ol><li>Eine sichere und bequeme Zahlungsmethode. Wir k\u00f6nnen Trade Assurance, T\/T, Money Gram, L\/C, PayPal, Western Union, Bargeld usw. akzeptieren. Sie k\u00f6nnen die f\u00fcr Sie bequemste Zahlungsfrist w\u00e4hlen.<\/li><li>Professioneller Lieferprozess. Wir akzeptieren alle Formen der Inspektion vor der Lieferung. Wir werden den Kunden auch Lieferbilder und Leerlaufvideos der Maschinen zur Verf\u00fcgung stellen.<\/li><\/ol>\t\t\t\t\t\t\t\t<\/div> \t\t\t\t\t<\/div> \t\t<\/div> \t\t\t\t<div class=\"elementor-column elementor-col-33 elementor-top-column elementor-element elementor-element-84413d1\" data-id=\"84413d1\" data-element_type=\"column\" data-e-type=\"column\"> \t\t\t<div class=\"elementor-widget-wrap elementor-element-populated\"> \t\t\t\t\t\t<div class=\"elementor-element elementor-element-86e727b elementor-headline--style-highlight elementor-widget elementor-widget-animated-headline\" data-id=\"86e727b\" data-element_type=\"widget\" data-e-type=\"widget\" data-settings=\"{&quot;marker&quot;:&quot;underline&quot;,&quot;highlighted_text&quot;:&quot;After-sale&quot;,&quot;headline_style&quot;:&quot;highlight&quot;,&quot;loop&quot;:&quot;yes&quot;,&quot;highlight_animation_duration&quot;:1200,&quot;highlight_iteration_delay&quot;:8000}\" data-widget_type=\"animated-headline.default\"> \t\t\t\t\t\t\t<h3 class=\"elementor-headline\"> \t\t\t\t<span class=\"elementor-headline-dynamic-wrapper elementor-headline-text-wrapper\"> \t\t\t\t\t<span class=\"elementor-headline-dynamic-text elementor-headline-text-active\">Nachverkauf<\/span> \t\t\t\t<\/span> \t\t\t\t<\/h3> \t\t\t\t\t\t<\/div> \t\t\t\t<div class=\"elementor-element elementor-element-d628974 elementor-widget elementor-widget-text-editor\" data-id=\"d628974\" data-element_type=\"widget\" data-e-type=\"widget\" data-widget_type=\"text-editor.default\"> \t\t\t\t\t\t\t\t\t<ol><li>Rechtzeitige Logistikverfolgung. Wir werden die Logistik der Ware rechtzeitig verfolgen und Sie \u00fcber den Lieferfortschritt informieren.<\/li><li>Vor-Ort-Installationsservice. Sie m\u00fcssen sich keine Sorgen um Installationsprobleme machen. Wir k\u00f6nnen einen professionellen Ingenieur zu Ihnen nach Hause schicken und Installations- und Nutzungshinweise geben.<\/li><li>Online-Installations- und Nutzungsanleitung. Wenn Sie keinen Vor-Ort-Installationsservice ben\u00f6tigen, k\u00f6nnen wir Ihnen auch Online-Videoanleitungen geben. Wir versprechen, Ihnen zu helfen, die Maschine nach dem Kauf gut zu bedienen.<\/li><li>Kostenlose Ersatzteile. Wir k\u00f6nnen Ihnen verschlei\u00dfanf\u00e4llige Teile kostenlos zusenden, die Transportkosten werden vom K\u00e4ufer getragen.<\/li><\/ol>\t\t\t\t\t\t\t\t<\/div> \t\t\t\t\t<\/div> \t\t<\/div> \t\t\t\t\t<\/div> \t\t<\/section> \t\t\t\t<section class=\"elementor-section elementor-top-section elementor-element elementor-element-5a989f1 elementor-section-boxed elementor-section-height-default elementor-section-height-default\" data-id=\"5a989f1\" data-element_type=\"section\" data-e-type=\"section\"> \t\t\t\t\t\t<div class=\"elementor-container elementor-column-gap-default\"> \t\t\t\t\t<div class=\"elementor-column elementor-col-100 elementor-top-column elementor-element elementor-element-5fd9ad9\" data-id=\"5fd9ad9\" data-element_type=\"column\" data-e-type=\"column\"> \t\t\t<div class=\"elementor-widget-wrap elementor-element-populated\"> \t\t\t\t\t\t<div class=\"elementor-element elementor-element-2ad6745 elementor-widget elementor-widget-heading\" data-id=\"2ad6745\" data-element_type=\"widget\" data-e-type=\"widget\" data-widget_type=\"heading.default\"> \t\t\t\t\t<h2 class=\"elementor-heading-title elementor-size-default\">FAQ<\/h2>\t\t\t\t<\/div> \t\t\t\t\t<\/div> \t\t<\/div> \t\t\t\t\t<\/div> \t\t<\/section> \t\t\t\t<section class=\"elementor-section elementor-top-section elementor-element elementor-element-8353bbe elementor-section-boxed elementor-section-height-default elementor-section-height-default\" data-id=\"8353bbe\" data-element_type=\"section\" data-e-type=\"section\"> \t\t\t\t\t\t<div class=\"elementor-container elementor-column-gap-default\"> \t\t\t\t\t<div class=\"elementor-column elementor-col-100 elementor-top-column elementor-element elementor-element-ef57e48\" data-id=\"ef57e48\" data-element_type=\"column\" data-e-type=\"column\"> \t\t\t<div class=\"elementor-widget-wrap elementor-element-populated\"> \t\t\t\t\t\t<div class=\"elementor-element elementor-element-2c26648 elementor-widget elementor-widget-text-editor\" data-id=\"2c26648\" data-element_type=\"widget\" data-e-type=\"widget\" data-widget_type=\"text-editor.default\"> \t\t\t\t\t\t\t\t\t<ol><li>Liefermodell?<\/li><\/ol><p>\u00a0 \u00a0 \u00a0 \u00a0 \u00a0 LCL oder FCL per See oder per Luft, internationaler Express.<\/p><ol start=\"2\"><li>Wie lange kann ich den Artikel nach der Bezahlung erhalten?<\/li><\/ol><p>\u00a0 \u00a0 \u00a0 \u00a0 \u00a0 Wir liefern den Artikel normalerweise innerhalb von 5-7 Tagen. Die Lieferzeit per See oder per Luft h\u00e4ngt vom Versandhafen ab.<\/p><ol start=\"3\"><li>Welche Zahlungsbedingungen bieten Sie an?<\/li><\/ol><p>\u00a0 \u00a0 \u00a0 \u00a0 \u00a0 Trade Assurance, T\/T, Western Union, Money Gram, L\/C, PayPal, Bargeld usw.<\/p><ol start=\"4\"><li>Welche Art von Verpackung bieten Sie an?<\/li><\/ol><p>\u00a0 \u00a0 \u00a0 \u00a0 \u00a0 Nicht begaste Holzkiste oder FCL-Container.<\/p><ol start=\"5\"><li>Wie lange ist die Garantiezeit?<\/li><\/ol><p>\u00a0 \u00a0 \u00a0 \u00a0 \u00a0 1 Jahr Garantiezeit, lebenslange Wartung.<\/p><ol start=\"6\"><li>Welche Art von After-Sales-Service bieten Sie an?<\/li><\/ol><p>\u00a0 \u00a0 \u00a0 \u00a0 \u00a0 Ersatzteile, Vor-Ort-Installation, Inbetriebnahme und Schulung, Wartungs- und Reparaturdienste vor Ort, technische Videounterst\u00fctzung und Online-Support.<\/p><p>\u00a0 \u00a0 \u00a0 \u00a0 \u00a0 Wir verpflichten uns, Ihnen die beste Maschine und den besten Service zu bieten.<\/p>\t\t\t\t\t\t\t\t<\/div> \t\t\t\t\t<\/div> \t\t<\/div> \t\t\t\t\t<\/div> \t\t<\/section> \t\t\t\t<\/div>","protected":false},"excerpt":{"rendered":"<p>About Us Learn About Our Company About Taizy Company. Taizy Machinery Company is a professional company devoted to research and development of agricultural machinery. Our company is engaged in industrial manufacturing and international trading, and we have a professional team to provide best service to customers. Since its establishment in 2011, our machines have been [&hellip;]<\/p>\n","protected":false},"author":1,"featured_media":0,"parent":0,"menu_order":0,"comment_status":"closed","ping_status":"closed","template":"","meta":{"footnotes":""},"class_list":["post-5","page","type-page","status-publish","hentry"],"_links":{"self":[{"href":"https:\/\/pelletmillmachine.com\/de\/wp-json\/wp\/v2\/pages\/5","targetHints":{"allow":["GET"]}}],"collection":[{"href":"https:\/\/pelletmillmachine.com\/de\/wp-json\/wp\/v2\/pages"}],"about":[{"href":"https:\/\/pelletmillmachine.com\/de\/wp-json\/wp\/v2\/types\/page"}],"author":[{"embeddable":true,"href":"https:\/\/pelletmillmachine.com\/de\/wp-json\/wp\/v2\/users\/1"}],"replies":[{"embeddable":true,"href":"https:\/\/pelletmillmachine.com\/de\/wp-json\/wp\/v2\/comments?post=5"}],"version-history":[{"count":0,"href":"https:\/\/pelletmillmachine.com\/de\/wp-json\/wp\/v2\/pages\/5\/revisions"}],"wp:attachment":[{"href":"https:\/\/pelletmillmachine.com\/de\/wp-json\/wp\/v2\/media?parent=5"}],"curies":[{"name":"wp","href":"https:\/\/api.w.org\/{rel}","templated":true}]}}